{"id":9388,"date":"2021-05-26T10:55:55","date_gmt":"2021-05-26T10:55:55","guid":{"rendered":"https:\/\/uusi.pel-tuote.fi\/datenschutz\/"},"modified":"2021-08-04T12:59:38","modified_gmt":"2021-08-04T12:59:38","slug":"datenschutz","status":"publish","type":"page","link":"https:\/\/pel-tuote.fi\/de\/datenschutz\/","title":{"rendered":"Datenschutz"},"content":{"rendered":"\t\t<div data-elementor-type=\"wp-page\" data-elementor-id=\"9388\" class=\"elementor elementor-9388 elementor-6140\" data-elementor-post-type=\"page\">\n\t\t\t\t\t\t<section class=\"elementor-section elementor-top-section elementor-element elementor-element-b7f5b42 elementor-section-full_width elementor-section-height-min-height elementor-section-stretched elementor-section-height-default elementor-section-items-middle\" data-id=\"b7f5b42\" data-element_type=\"section\" data-e-type=\"section\" data-settings=\"{&quot;background_background&quot;:&quot;classic&quot;,&quot;stretch_section&quot;:&quot;section-stretched&quot;}\">\n\t\t\t\t\t\t<div class=\"elementor-container elementor-column-gap-default\">\n\t\t\t\t\t<div class=\"elementor-column elementor-col-100 elementor-top-column elementor-element elementor-element-7f5e88a\" data-id=\"7f5e88a\" data-element_type=\"column\" data-e-type=\"column\">\n\t\t\t<div class=\"elementor-widget-wrap elementor-element-populated\">\n\t\t\t\t\t\t<div class=\"elementor-element elementor-element-fde0d66 elementor-widget elementor-widget-heading\" data-id=\"fde0d66\" data-element_type=\"widget\" data-e-type=\"widget\" data-widget_type=\"heading.default\">\n\t\t\t\t<div class=\"elementor-widget-container\">\n\t\t\t\t\t<h2 class=\"elementor-heading-title elementor-size-default\">Datenschutz und Cookies<\/h2>\t\t\t\t<\/div>\n\t\t\t\t<\/div>\n\t\t\t\t\t<\/div>\n\t\t<\/div>\n\t\t\t\t\t<\/div>\n\t\t<\/section>\n\t\t\t\t<section class=\"elementor-section elementor-top-section elementor-element elementor-element-edf3e86 elementor-section-boxed elementor-section-height-default elementor-section-height-default\" data-id=\"edf3e86\" data-element_type=\"section\" data-e-type=\"section\">\n\t\t\t\t\t\t<div class=\"elementor-container elementor-column-gap-default\">\n\t\t\t\t\t<div class=\"elementor-column elementor-col-100 elementor-top-column elementor-element elementor-element-8c36ceb\" data-id=\"8c36ceb\" data-element_type=\"column\" data-e-type=\"column\">\n\t\t\t<div class=\"elementor-widget-wrap elementor-element-populated\">\n\t\t\t\t\t\t<div class=\"elementor-element elementor-element-a503299 elementor-widget elementor-widget-spacer\" data-id=\"a503299\" data-element_type=\"widget\" data-e-type=\"widget\" data-widget_type=\"spacer.default\">\n\t\t\t\t<div class=\"elementor-widget-container\">\n\t\t\t\t\t\t\t<div class=\"elementor-spacer\">\n\t\t\t<div class=\"elementor-spacer-inner\"><\/div>\n\t\t<\/div>\n\t\t\t\t\t\t<\/div>\n\t\t\t\t<\/div>\n\t\t\t\t<div class=\"elementor-element elementor-element-e2997f0 elementor-widget elementor-widget-heading\" data-id=\"e2997f0\" data-element_type=\"widget\" data-e-type=\"widget\" data-widget_type=\"heading.default\">\n\t\t\t\t<div class=\"elementor-widget-container\">\n\t\t\t\t\t<h2 class=\"elementor-heading-title elementor-size-default\">Datenschutz ist f\u00fcr uns ein absolut wichtiges Thema<\/h2>\t\t\t\t<\/div>\n\t\t\t\t<\/div>\n\t\t\t\t\t<\/div>\n\t\t<\/div>\n\t\t\t\t\t<\/div>\n\t\t<\/section>\n\t\t\t\t<section class=\"elementor-section elementor-top-section elementor-element elementor-element-82ec57d elementor-section-boxed elementor-section-height-default elementor-section-height-default\" data-id=\"82ec57d\" data-element_type=\"section\" data-e-type=\"section\">\n\t\t\t\t\t\t<div class=\"elementor-container elementor-column-gap-default\">\n\t\t\t\t\t<div class=\"elementor-column elementor-col-100 elementor-top-column elementor-element elementor-element-f4b6db2\" data-id=\"f4b6db2\" data-element_type=\"column\" data-e-type=\"column\">\n\t\t\t<div class=\"elementor-widget-wrap elementor-element-populated\">\n\t\t\t\t\t\t<div class=\"elementor-element elementor-element-99208c5 elementor-widget elementor-widget-text-editor\" data-id=\"99208c5\" data-element_type=\"widget\" data-e-type=\"widget\" data-widget_type=\"text-editor.default\">\n\t\t\t\t<div class=\"elementor-widget-container\">\n\t\t\t\t\t\t\t\t\t<p>Neben dem Entwerfen und Bauen von Maschinen \u00fcberlegen wir au\u00dferdem, wie das Wissen dar\u00fcber, was wir tun, genau die Menschen erreichen k\u00f6nnte, f\u00fcr die es am wichtigsten ist.\u00a0 Kunden, die langlebige, einheimische und leistungsstarke Maschinen zu sch\u00e4tzen wissen und die auch sonst daran interessiert sind, was hier so vor sich geht.<\/p>\n<p>Wenn Sie auf dem Formular z. B. eine Frage zur Livakka-G\u00fclle-Spr\u00fchd\u00fcse senden oder an unserer Verlosung auf Facebook teilnehmen, haben Sie uns Ihre Kontaktdaten gegeben, um Sie zu erreichen. Diese Kontaktdaten ben\u00f6tigen wir, um Sie zu kontaktieren, wenn die richtige D\u00fcse gefunden wurde oder der Gewinn auf Sie fiel.<\/p>\n<p>Wir verbreiten nirgendwo auch nur die kleinsten Informationen, sondern bewahren diese ausschlie\u00dflich nur f\u00fcr uns auf. Nur Sie allein haben die Befugnis, Ihre eigenen Daten zu sehen oder zu l\u00f6schen.<\/p>\n\t\t\t\t\t\t\t\t<\/div>\n\t\t\t\t<\/div>\n\t\t\t\t\t<\/div>\n\t\t<\/div>\n\t\t\t\t\t<\/div>\n\t\t<\/section>\n\t\t\t\t<section class=\"elementor-section elementor-top-section elementor-element elementor-element-35258d1 elementor-section-boxed elementor-section-height-default elementor-section-height-default\" data-id=\"35258d1\" data-element_type=\"section\" data-e-type=\"section\">\n\t\t\t\t\t\t<div class=\"elementor-container elementor-column-gap-default\">\n\t\t\t\t\t<div class=\"elementor-column elementor-col-100 elementor-top-column elementor-element elementor-element-873cfd9\" data-id=\"873cfd9\" data-element_type=\"column\" data-e-type=\"column\">\n\t\t\t<div class=\"elementor-widget-wrap elementor-element-populated\">\n\t\t\t\t\t\t<div class=\"elementor-element elementor-element-25680d2 elementor-widget elementor-widget-heading\" data-id=\"25680d2\" data-element_type=\"widget\" data-e-type=\"widget\" data-widget_type=\"heading.default\">\n\t\t\t\t<div class=\"elementor-widget-container\">\n\t\t\t\t\t<h2 class=\"elementor-heading-title elementor-size-default\">Cookies f\u00fcr unser beidseitiges Nutzen<\/h2>\t\t\t\t<\/div>\n\t\t\t\t<\/div>\n\t\t\t\t\t<\/div>\n\t\t<\/div>\n\t\t\t\t\t<\/div>\n\t\t<\/section>\n\t\t\t\t<section class=\"elementor-section elementor-top-section elementor-element elementor-element-d78910d elementor-section-boxed elementor-section-height-default elementor-section-height-default\" data-id=\"d78910d\" data-element_type=\"section\" data-e-type=\"section\">\n\t\t\t\t\t\t<div class=\"elementor-container elementor-column-gap-default\">\n\t\t\t\t\t<div class=\"elementor-column elementor-col-100 elementor-top-column elementor-element elementor-element-afd97e6\" data-id=\"afd97e6\" data-element_type=\"column\" data-e-type=\"column\">\n\t\t\t<div class=\"elementor-widget-wrap elementor-element-populated\">\n\t\t\t\t\t\t<div class=\"elementor-element elementor-element-c2ed54e elementor-widget elementor-widget-text-editor\" data-id=\"c2ed54e\" data-element_type=\"widget\" data-e-type=\"widget\" data-widget_type=\"text-editor.default\">\n\t\t\t\t<div class=\"elementor-widget-container\">\n\t\t\t\t\t\t\t\t\t<p>Die Website PEL-tuote.fi verwendet Cookies. Cookies sind kleine Textdateien, die auf Ihrem eigenen Computer oder Mobilger\u00e4t gespeichert werden. <strong>Die Dateien enthalten keine pers\u00f6nlichen Informationen.<\/strong> Es gibt zwei Arten von Cookies: permanente und tempor\u00e4re. Tempor\u00e4re Cookies werden vor\u00fcbergehend auf Ihrem Computer gespeichert und gel\u00f6scht, wenn Ihre Browsersitzung endet.<\/p>\n<p>Tempor\u00e4re Cookies k\u00f6nnen die Benutzerfreundlichkeit der Website verbessern und werden gel\u00f6scht, wenn die Browsersitzung endet. Der Zweck von Cookies besteht darin, dass die Website bestimmte Auswahlen (wie Ihren Benutzernamen und Ihre Sprache) f\u00fcr einen bestimmten Zeitraum aufbewahrt. Cookies erkennen auch, ob Sie auf Ihrem Mobiltelefon, Computer oder \u00fcber einen Smart-TV online sind. Dadurch wird die Seite oder der Inhalt so ge\u00f6ffnet, dass er auf Ihrem Ger\u00e4t gut aussieht. Wenn Sie m\u00f6chten, k\u00f6nnen Sie Cookies in Ihren Browsereinstellungen deaktivieren.<\/p>\n<p>Permanente Cookies werden lange Zeit auf Ihrem Computer gespeichert, manchmal dauerhaft. Durch dauerhafte Cookies k\u00f6nnen wir feststellen, ob Sie unsere Website erneut besuchen, und Ihre Einstellungen und Ihre Lieblingsseiten speichern.<\/p>\n<p>Cookies von anderen Parteien: Die von uns verwendeten oder zugelassenen Cookies von Drittanbietern (Google Analytics) \u00fcberwachen den Website-Verkehr und verfolgen die H\u00e4ufigkeit, mit der Produkte angezeigt werden. Wie unsere eigenen Cookies sammeln Cookies von anderen Parteien keine pers\u00f6nlichen Daten.<\/p>\n<p><strong>L\u00f6schen von Cookies vom Benutzerger\u00e4t <\/strong><\/p>\n<p>Sie k\u00f6nnen alle Cookies auf Ihrem Ger\u00e4t l\u00f6schen, indem Sie den Browserverlauf Ihres Browsers l\u00f6schen. Diese Funktion l\u00f6scht Cookies, die von allen von Ihnen besuchten Websites gespeichert wurden.<\/p>\n<p>Beachten Sie jedoch, dass Sie in diesem Fall m\u00f6glicherweise auch einige der von Ihnen gespeicherten Informationen verlieren (z. B. gespeicherte Anmeldeinformationen und Benutzereinstellungen von Webseiten).<\/p>\n<p><strong>Seitenspezifische Cookie-Verwaltung<\/strong><\/p>\n<p>Seitenspezifische Cookies k\u00f6nnen in den Privatsph\u00e4re- und Cookie-Einstellungen Ihres Browsers verwaltet werden.<\/p>\n<p><strong>Cookies blockieren<\/strong><\/p>\n<p>Bei den meisten neuen Browsern k\u00f6nnen Sie ganz verhindern, dass Cookies auf Ihrem Ger\u00e4t gespeichert werden. M\u00f6glicherweise m\u00fcssen Sie jedoch bei jedem Besuch einer Website\/Seite einige Einstellungen vornehmen. Einige Dienste und Funktionen funktionieren m\u00f6glicherweise nicht ordnungsgem\u00e4\u00df (z. B. Anmeldung).<\/p>\n<p>Wir sch\u00e4tzen Ihre Privatsph\u00e4re.\u00a0 Wenn Sie Fragen zu diesem Thema haben, k\u00f6nnen Sie uns unter info@pel-tuote.fi kontaktieren<\/p>\n\t\t\t\t\t\t\t\t<\/div>\n\t\t\t\t<\/div>\n\t\t\t\t\t<\/div>\n\t\t<\/div>\n\t\t\t\t\t<\/div>\n\t\t<\/section>\n\t\t\t\t<\/div>\n\t\t","protected":false},"excerpt":{"rendered":"<p>Datenschutz und Cookies Datenschutz ist f\u00fcr uns ein absolut wichtiges Thema Neben dem Entwerfen und Bauen von Maschinen \u00fcberlegen wir au\u00dferdem, wie das Wissen dar\u00fcber, was wir tun, genau die [&hellip;]<\/p>\n","protected":false},"author":1,"featured_media":0,"parent":0,"menu_order":0,"comment_status":"closed","ping_status":"closed","template":"elementor_header_footer","meta":{"_eb_attr":"","footnotes":""},"class_list":["post-9388","page","type-page","status-publish","hentry","wpbf-post"],"yoast_head":"<!-- This site is optimized with the Yoast SEO plugin v27.4 - https:\/\/yoast.com\/product\/yoast-seo-wordpress\/ -->\n<title>Datenschutz - PEL-tuote<\/title>\n<meta name=\"robots\" content=\"index, follow, max-snippet:-1, max-image-preview:large, max-video-preview:-1\" \/>\n<link rel=\"canonical\" href=\"https:\/\/pel-tuote.fi\/de\/datenschutz\/\" \/>\n<meta property=\"og:locale\" content=\"de_DE\" \/>\n<meta property=\"og:type\" content=\"article\" \/>\n<meta property=\"og:title\" content=\"Datenschutz - PEL-tuote\" \/>\n<meta property=\"og:description\" content=\"Datenschutz und Cookies Datenschutz ist f\u00fcr uns ein absolut wichtiges Thema Neben dem Entwerfen und Bauen von Maschinen \u00fcberlegen wir au\u00dferdem, wie das Wissen dar\u00fcber, was wir tun, genau die [&hellip;]\" \/>\n<meta property=\"og:url\" content=\"https:\/\/pel-tuote.fi\/de\/datenschutz\/\" \/>\n<meta property=\"og:site_name\" content=\"PEL-tuote\" \/>\n<meta property=\"article:publisher\" content=\"https:\/\/www.facebook.com\/peltuote\" \/>\n<meta property=\"article:modified_time\" content=\"2021-08-04T12:59:38+00:00\" \/>\n<meta property=\"og:image\" content=\"https:\/\/pel-tuote.fi\/wp-content\/uploads\/2020\/12\/43a16a97-74a9-4699-9131-f98dd7de6949.jpg\" \/>\n\t<meta property=\"og:image:width\" content=\"1600\" \/>\n\t<meta property=\"og:image:height\" content=\"1200\" \/>\n\t<meta property=\"og:image:type\" content=\"image\/jpeg\" \/>\n<meta name=\"twitter:card\" content=\"summary_large_image\" \/>\n<meta name=\"twitter:label1\" content=\"Gesch\u00e4tzte Lesezeit\" \/>\n\t<meta name=\"twitter:data1\" content=\"3\u00a0Minuten\" \/>\n<script type=\"application\/ld+json\" class=\"yoast-schema-graph\">{\"@context\":\"https:\\\/\\\/schema.org\",\"@graph\":[{\"@type\":\"WebPage\",\"@id\":\"https:\\\/\\\/pel-tuote.fi\\\/de\\\/datenschutz\\\/\",\"url\":\"https:\\\/\\\/pel-tuote.fi\\\/de\\\/datenschutz\\\/\",\"name\":\"Datenschutz - PEL-tuote\",\"isPartOf\":{\"@id\":\"https:\\\/\\\/pel-tuote.fi\\\/de\\\/#website\"},\"datePublished\":\"2021-05-26T10:55:55+00:00\",\"dateModified\":\"2021-08-04T12:59:38+00:00\",\"inLanguage\":\"de\",\"potentialAction\":[{\"@type\":\"ReadAction\",\"target\":[\"https:\\\/\\\/pel-tuote.fi\\\/de\\\/datenschutz\\\/\"]}]},{\"@type\":\"WebSite\",\"@id\":\"https:\\\/\\\/pel-tuote.fi\\\/de\\\/#website\",\"url\":\"https:\\\/\\\/pel-tuote.fi\\\/de\\\/\",\"name\":\"PEL-tuote\",\"description\":\"Suomalaista osaamista Suomen kivisimmilt\u00e4 pelloilta\",\"publisher\":{\"@id\":\"https:\\\/\\\/pel-tuote.fi\\\/de\\\/#organization\"},\"potentialAction\":[{\"@type\":\"SearchAction\",\"target\":{\"@type\":\"EntryPoint\",\"urlTemplate\":\"https:\\\/\\\/pel-tuote.fi\\\/de\\\/?s={search_term_string}\"},\"query-input\":{\"@type\":\"PropertyValueSpecification\",\"valueRequired\":true,\"valueName\":\"search_term_string\"}}],\"inLanguage\":\"de\"},{\"@type\":\"Organization\",\"@id\":\"https:\\\/\\\/pel-tuote.fi\\\/de\\\/#organization\",\"name\":\"PEL-tuote\",\"url\":\"https:\\\/\\\/pel-tuote.fi\\\/de\\\/\",\"logo\":{\"@type\":\"ImageObject\",\"inLanguage\":\"de\",\"@id\":\"https:\\\/\\\/pel-tuote.fi\\\/de\\\/#\\\/schema\\\/logo\\\/image\\\/\",\"url\":\"https:\\\/\\\/pel-tuote.fi\\\/wp-content\\\/uploads\\\/2019\\\/12\\\/cropped-nelio\u0308pel-1.jpg\",\"contentUrl\":\"https:\\\/\\\/pel-tuote.fi\\\/wp-content\\\/uploads\\\/2019\\\/12\\\/cropped-nelio\u0308pel-1.jpg\",\"width\":649,\"height\":383,\"caption\":\"PEL-tuote\"},\"image\":{\"@id\":\"https:\\\/\\\/pel-tuote.fi\\\/de\\\/#\\\/schema\\\/logo\\\/image\\\/\"},\"sameAs\":[\"https:\\\/\\\/www.facebook.com\\\/peltuote\",\"https:\\\/\\\/www.instagram.com\\\/peltuote\\\/\",\"https:\\\/\\\/www.linkedin.com\\\/company\\\/12660711\\\/admin\\\/\",\"https:\\\/\\\/www.youtube.com\\\/user\\\/PelTuote\",\"https:\\\/\\\/fi.wikipedia.org\\\/wiki\\\/Kivenker\u00e4yskone\"]}]}<\/script>\n<!-- \/ Yoast SEO plugin. -->","yoast_head_json":{"title":"Datenschutz - PEL-tuote","robots":{"index":"index","follow":"follow","max-snippet":"max-snippet:-1","max-image-preview":"max-image-preview:large","max-video-preview":"max-video-preview:-1"},"canonical":"https:\/\/pel-tuote.fi\/de\/datenschutz\/","og_locale":"de_DE","og_type":"article","og_title":"Datenschutz - PEL-tuote","og_description":"Datenschutz und Cookies Datenschutz ist f\u00fcr uns ein absolut wichtiges Thema Neben dem Entwerfen und Bauen von Maschinen \u00fcberlegen wir au\u00dferdem, wie das Wissen dar\u00fcber, was wir tun, genau die [&hellip;]","og_url":"https:\/\/pel-tuote.fi\/de\/datenschutz\/","og_site_name":"PEL-tuote","article_publisher":"https:\/\/www.facebook.com\/peltuote","article_modified_time":"2021-08-04T12:59:38+00:00","og_image":[{"width":1600,"height":1200,"url":"https:\/\/pel-tuote.fi\/wp-content\/uploads\/2020\/12\/43a16a97-74a9-4699-9131-f98dd7de6949.jpg","type":"image\/jpeg"}],"twitter_card":"summary_large_image","twitter_misc":{"Gesch\u00e4tzte Lesezeit":"3\u00a0Minuten"},"schema":{"@context":"https:\/\/schema.org","@graph":[{"@type":"WebPage","@id":"https:\/\/pel-tuote.fi\/de\/datenschutz\/","url":"https:\/\/pel-tuote.fi\/de\/datenschutz\/","name":"Datenschutz - PEL-tuote","isPartOf":{"@id":"https:\/\/pel-tuote.fi\/de\/#website"},"datePublished":"2021-05-26T10:55:55+00:00","dateModified":"2021-08-04T12:59:38+00:00","inLanguage":"de","potentialAction":[{"@type":"ReadAction","target":["https:\/\/pel-tuote.fi\/de\/datenschutz\/"]}]},{"@type":"WebSite","@id":"https:\/\/pel-tuote.fi\/de\/#website","url":"https:\/\/pel-tuote.fi\/de\/","name":"PEL-tuote","description":"Suomalaista osaamista Suomen kivisimmilt\u00e4 pelloilta","publisher":{"@id":"https:\/\/pel-tuote.fi\/de\/#organization"},"potentialAction":[{"@type":"SearchAction","target":{"@type":"EntryPoint","urlTemplate":"https:\/\/pel-tuote.fi\/de\/?s={search_term_string}"},"query-input":{"@type":"PropertyValueSpecification","valueRequired":true,"valueName":"search_term_string"}}],"inLanguage":"de"},{"@type":"Organization","@id":"https:\/\/pel-tuote.fi\/de\/#organization","name":"PEL-tuote","url":"https:\/\/pel-tuote.fi\/de\/","logo":{"@type":"ImageObject","inLanguage":"de","@id":"https:\/\/pel-tuote.fi\/de\/#\/schema\/logo\/image\/","url":"https:\/\/pel-tuote.fi\/wp-content\/uploads\/2019\/12\/cropped-nelio\u0308pel-1.jpg","contentUrl":"https:\/\/pel-tuote.fi\/wp-content\/uploads\/2019\/12\/cropped-nelio\u0308pel-1.jpg","width":649,"height":383,"caption":"PEL-tuote"},"image":{"@id":"https:\/\/pel-tuote.fi\/de\/#\/schema\/logo\/image\/"},"sameAs":["https:\/\/www.facebook.com\/peltuote","https:\/\/www.instagram.com\/peltuote\/","https:\/\/www.linkedin.com\/company\/12660711\/admin\/","https:\/\/www.youtube.com\/user\/PelTuote","https:\/\/fi.wikipedia.org\/wiki\/Kivenker\u00e4yskone"]}]}},"_links":{"self":[{"href":"https:\/\/pel-tuote.fi\/de\/wp-json\/wp\/v2\/pages\/9388","targetHints":{"allow":["GET"]}}],"collection":[{"href":"https:\/\/pel-tuote.fi\/de\/wp-json\/wp\/v2\/pages"}],"about":[{"href":"https:\/\/pel-tuote.fi\/de\/wp-json\/wp\/v2\/types\/page"}],"author":[{"embeddable":true,"href":"https:\/\/pel-tuote.fi\/de\/wp-json\/wp\/v2\/users\/1"}],"replies":[{"embeddable":true,"href":"https:\/\/pel-tuote.fi\/de\/wp-json\/wp\/v2\/comments?post=9388"}],"version-history":[{"count":0,"href":"https:\/\/pel-tuote.fi\/de\/wp-json\/wp\/v2\/pages\/9388\/revisions"}],"wp:attachment":[{"href":"https:\/\/pel-tuote.fi\/de\/wp-json\/wp\/v2\/media?parent=9388"}],"curies":[{"name":"wp","href":"https:\/\/api.w.org\/{rel}","templated":true}]}}