{"id":9682,"date":"2021-06-01T12:38:59","date_gmt":"2021-06-01T12:38:59","guid":{"rendered":"https:\/\/uusi.pel-tuote.fi\/proteccion-de-datos\/"},"modified":"2021-08-04T13:01:30","modified_gmt":"2021-08-04T13:01:30","slug":"proteccion-de-datos","status":"publish","type":"page","link":"https:\/\/pel-tuote.fi\/es\/proteccion-de-datos\/","title":{"rendered":"Protecci\u00f3n de Datos"},"content":{"rendered":"\t\t<div data-elementor-type=\"wp-page\" data-elementor-id=\"9682\" class=\"elementor elementor-9682 elementor-6140\" data-elementor-post-type=\"page\">\n\t\t\t\t\t\t<section class=\"elementor-section elementor-top-section elementor-element elementor-element-b7f5b42 elementor-section-full_width elementor-section-height-min-height elementor-section-stretched elementor-section-height-default elementor-section-items-middle\" data-id=\"b7f5b42\" data-element_type=\"section\" data-e-type=\"section\" data-settings=\"{&quot;background_background&quot;:&quot;classic&quot;,&quot;stretch_section&quot;:&quot;section-stretched&quot;}\">\n\t\t\t\t\t\t<div class=\"elementor-container elementor-column-gap-default\">\n\t\t\t\t\t<div class=\"elementor-column elementor-col-100 elementor-top-column elementor-element elementor-element-7f5e88a\" data-id=\"7f5e88a\" data-element_type=\"column\" data-e-type=\"column\">\n\t\t\t<div class=\"elementor-widget-wrap elementor-element-populated\">\n\t\t\t\t\t\t<div class=\"elementor-element elementor-element-fde0d66 elementor-widget elementor-widget-heading\" data-id=\"fde0d66\" data-element_type=\"widget\" data-e-type=\"widget\" data-widget_type=\"heading.default\">\n\t\t\t\t<div class=\"elementor-widget-container\">\n\t\t\t\t\t<h2 class=\"elementor-heading-title elementor-size-default\">Protecci\u00f3n de Datos y cookies<\/h2>\t\t\t\t<\/div>\n\t\t\t\t<\/div>\n\t\t\t\t\t<\/div>\n\t\t<\/div>\n\t\t\t\t\t<\/div>\n\t\t<\/section>\n\t\t\t\t<section class=\"elementor-section elementor-top-section elementor-element elementor-element-edf3e86 elementor-section-boxed elementor-section-height-default elementor-section-height-default\" data-id=\"edf3e86\" data-element_type=\"section\" data-e-type=\"section\">\n\t\t\t\t\t\t<div class=\"elementor-container elementor-column-gap-default\">\n\t\t\t\t\t<div class=\"elementor-column elementor-col-100 elementor-top-column elementor-element elementor-element-8c36ceb\" data-id=\"8c36ceb\" data-element_type=\"column\" data-e-type=\"column\">\n\t\t\t<div class=\"elementor-widget-wrap elementor-element-populated\">\n\t\t\t\t\t\t<div class=\"elementor-element elementor-element-a503299 elementor-widget elementor-widget-spacer\" data-id=\"a503299\" data-element_type=\"widget\" data-e-type=\"widget\" data-widget_type=\"spacer.default\">\n\t\t\t\t<div class=\"elementor-widget-container\">\n\t\t\t\t\t\t\t<div class=\"elementor-spacer\">\n\t\t\t<div class=\"elementor-spacer-inner\"><\/div>\n\t\t<\/div>\n\t\t\t\t\t\t<\/div>\n\t\t\t\t<\/div>\n\t\t\t\t<div class=\"elementor-element elementor-element-e2997f0 elementor-widget elementor-widget-heading\" data-id=\"e2997f0\" data-element_type=\"widget\" data-e-type=\"widget\" data-widget_type=\"heading.default\">\n\t\t\t\t<div class=\"elementor-widget-container\">\n\t\t\t\t\t<h2 class=\"elementor-heading-title elementor-size-default\">Nos tomamos muy en serio la protecci\u00f3n de datos<\/h2>\t\t\t\t<\/div>\n\t\t\t\t<\/div>\n\t\t\t\t\t<\/div>\n\t\t<\/div>\n\t\t\t\t\t<\/div>\n\t\t<\/section>\n\t\t\t\t<section class=\"elementor-section elementor-top-section elementor-element elementor-element-82ec57d elementor-section-boxed elementor-section-height-default elementor-section-height-default\" data-id=\"82ec57d\" data-element_type=\"section\" data-e-type=\"section\">\n\t\t\t\t\t\t<div class=\"elementor-container elementor-column-gap-default\">\n\t\t\t\t\t<div class=\"elementor-column elementor-col-100 elementor-top-column elementor-element elementor-element-f4b6db2\" data-id=\"f4b6db2\" data-element_type=\"column\" data-e-type=\"column\">\n\t\t\t<div class=\"elementor-widget-wrap elementor-element-populated\">\n\t\t\t\t\t\t<div class=\"elementor-element elementor-element-99208c5 elementor-widget elementor-widget-text-editor\" data-id=\"99208c5\" data-element_type=\"widget\" data-e-type=\"widget\" data-widget_type=\"text-editor.default\">\n\t\t\t\t<div class=\"elementor-widget-container\">\n\t\t\t\t\t\t\t\t\t<p>Adem\u00e1s de dise\u00f1ar y fabricar m\u00e1quinas, queremos saber c\u00f3mo la informaci\u00f3n sobre lo que hacemos llegar\u00eda a las personas para las que m\u00e1s importa. Para quienes las m\u00e1quinas confiables y potentes son una opci\u00f3n valiosa y para quienes, en general, est\u00e1n interesados \u200b\u200ben lo que hacemos.<\/p>\n<p>Si utiliza nuestro formulario en l\u00ednea para enviar una pregunta sobre, por ejemplo, una boquilla de lechada Livakka o participar en nuestro sorteo en Facebook, nos ha proporcionado sus datos de contacto. Necesitamos esta informaci\u00f3n para poder llamarlo cuando se encuentre la boquilla correcta o si tiene la suerte de ganar un premio.<\/p>\n<p>Valoramos esta informaci\u00f3n y no la divulgamos a nadie. Solo usted tiene el poder de ver estos datos o hacer que se eliminen.<\/p>\n\t\t\t\t\t\t\t\t<\/div>\n\t\t\t\t<\/div>\n\t\t\t\t\t<\/div>\n\t\t<\/div>\n\t\t\t\t\t<\/div>\n\t\t<\/section>\n\t\t\t\t<section class=\"elementor-section elementor-top-section elementor-element elementor-element-35258d1 elementor-section-boxed elementor-section-height-default elementor-section-height-default\" data-id=\"35258d1\" data-element_type=\"section\" data-e-type=\"section\">\n\t\t\t\t\t\t<div class=\"elementor-container elementor-column-gap-default\">\n\t\t\t\t\t<div class=\"elementor-column elementor-col-100 elementor-top-column elementor-element elementor-element-873cfd9\" data-id=\"873cfd9\" data-element_type=\"column\" data-e-type=\"column\">\n\t\t\t<div class=\"elementor-widget-wrap elementor-element-populated\">\n\t\t\t\t\t\t<div class=\"elementor-element elementor-element-25680d2 elementor-widget elementor-widget-heading\" data-id=\"25680d2\" data-element_type=\"widget\" data-e-type=\"widget\" data-widget_type=\"heading.default\">\n\t\t\t\t<div class=\"elementor-widget-container\">\n\t\t\t\t\t<h2 class=\"elementor-heading-title elementor-size-default\">Cookies tanto para su beneficio como para el nuestro<\/h2>\t\t\t\t<\/div>\n\t\t\t\t<\/div>\n\t\t\t\t\t<\/div>\n\t\t<\/div>\n\t\t\t\t\t<\/div>\n\t\t<\/section>\n\t\t\t\t<section class=\"elementor-section elementor-top-section elementor-element elementor-element-d78910d elementor-section-boxed elementor-section-height-default elementor-section-height-default\" data-id=\"d78910d\" data-element_type=\"section\" data-e-type=\"section\">\n\t\t\t\t\t\t<div class=\"elementor-container elementor-column-gap-default\">\n\t\t\t\t\t<div class=\"elementor-column elementor-col-100 elementor-top-column elementor-element elementor-element-afd97e6\" data-id=\"afd97e6\" data-element_type=\"column\" data-e-type=\"column\">\n\t\t\t<div class=\"elementor-widget-wrap elementor-element-populated\">\n\t\t\t\t\t\t<div class=\"elementor-element elementor-element-c2ed54e elementor-widget elementor-widget-text-editor\" data-id=\"c2ed54e\" data-element_type=\"widget\" data-e-type=\"widget\" data-widget_type=\"text-editor.default\">\n\t\t\t\t<div class=\"elementor-widget-container\">\n\t\t\t\t\t\t\t\t\t<p>El sitio web Pel-tuote.fi utiliza cookies. Las cookies son peque\u00f1os archivos de texto que se almacenan en su computadora o dispositivo m\u00f3vil. Estos archivos no contienen ning\u00fan dato personal. Existen dos tipos de cookies: persistentes y temporales. Las cookies temporales se almacenan temporalmente y se eliminan tan pronto como abandona la sesi\u00f3n de su navegador.<\/p>\n<p>Las cookies temporales mejoran la usabilidad del sitio web y se eliminan al final de la sesi\u00f3n del navegador. El prop\u00f3sito de las cookies es que el sitio web conserva ciertas opciones (por ejemplo, nombre de usuario e idioma) durante un cierto per\u00edodo de tiempo. Las cookies tambi\u00e9n notan si est\u00e1 navegando por la red con un dispositivo m\u00f3vil, una computadora o quiz\u00e1s un televisor inteligente. Esto permite que la p\u00e1gina o el contenido se abran en el mejor formato para su dispositivo. Si lo desea, puede desactivar las cookies en la configuraci\u00f3n del navegador.<\/p>\n<p>Las cookies persistentes se almacenan en su computadora durante mucho tiempo, a veces de forma permanente. Con las cookies persistentes, podemos ver si est\u00e1 volviendo a visitar nuestro sitio y podemos guardar su configuraci\u00f3n y p\u00e1ginas preferidas.<\/p>\n<p>Cookies de terceros: las cookies de terceros (Google Analytics) que usamos o permitimos monitorean el tr\u00e1fico de la red y rastrean la frecuencia con la que se ven nuestros productos. Al igual que nuestras propias cookies, estas cookies no recopilan datos personales.<\/p>\n<p>Eliminar cookies en su dispositivo<\/p>\n<p>Puede eliminar todas las cookies de su dispositivo borrando su historial de navegaci\u00f3n. Esto elimina las cookies establecidas por todos los sitios web que ha visitado.<\/p>\n<p>Tenga en cuenta que, en este caso, tambi\u00e9n puede perder algunos de los datos que ha guardado (por ejemplo, la informaci\u00f3n de inicio de sesi\u00f3n guardada y la configuraci\u00f3n del usuario).<\/p>\n<p>Administrar cookies espec\u00edficas del sitio<\/p>\n<p>Las cookies espec\u00edficas del sitio se pueden administrar desde la configuraci\u00f3n de cookies y privacidad de su navegador.<\/p>\n<p>C\u00f3mo bloquear las cookies<\/p>\n<p>En la mayor\u00eda de los navegadores modernos, las cookies se pueden bloquear simplemente desactiv\u00e1ndolas. Tenga en cuenta que deshabilitar significa que es posible que deba personalizar algunas configuraciones cada vez que visite un sitio o una p\u00e1gina. Es posible que algunos servicios y funcionalidades no funcionen correctamente (por ejemplo, inicio de sesi\u00f3n).<\/p>\n<p>Valoramos su privacidad. Si tiene alguna pregunta sobre el asunto, cont\u00e1ctenos por correo electr\u00f3nico a info@pel-tuote.fi<\/p>\n\t\t\t\t\t\t\t\t<\/div>\n\t\t\t\t<\/div>\n\t\t\t\t\t<\/div>\n\t\t<\/div>\n\t\t\t\t\t<\/div>\n\t\t<\/section>\n\t\t\t\t<\/div>\n\t\t","protected":false},"excerpt":{"rendered":"<p>Protecci\u00f3n de Datos y cookies Nos tomamos muy en serio la protecci\u00f3n de datos Adem\u00e1s de dise\u00f1ar y fabricar m\u00e1quinas, queremos saber c\u00f3mo la informaci\u00f3n sobre lo que hacemos llegar\u00eda [&hellip;]<\/p>\n","protected":false},"author":1,"featured_media":0,"parent":0,"menu_order":0,"comment_status":"closed","ping_status":"closed","template":"elementor_header_footer","meta":{"_eb_attr":"","footnotes":""},"class_list":["post-9682","page","type-page","status-publish","hentry","wpbf-post"],"yoast_head":"<!-- This site is optimized with the Yoast SEO plugin v27.4 - https:\/\/yoast.com\/product\/yoast-seo-wordpress\/ -->\n<title>Protecci\u00f3n de Datos - PEL-tuote<\/title>\n<meta name=\"robots\" content=\"index, follow, max-snippet:-1, max-image-preview:large, max-video-preview:-1\" \/>\n<link rel=\"canonical\" href=\"https:\/\/pel-tuote.fi\/es\/proteccion-de-datos\/\" \/>\n<meta property=\"og:locale\" content=\"es_ES\" \/>\n<meta property=\"og:type\" content=\"article\" \/>\n<meta property=\"og:title\" content=\"Protecci\u00f3n de Datos - PEL-tuote\" \/>\n<meta property=\"og:description\" content=\"Protecci\u00f3n de Datos y cookies Nos tomamos muy en serio la protecci\u00f3n de datos Adem\u00e1s de dise\u00f1ar y fabricar m\u00e1quinas, queremos saber c\u00f3mo la informaci\u00f3n sobre lo que hacemos llegar\u00eda [&hellip;]\" \/>\n<meta property=\"og:url\" content=\"https:\/\/pel-tuote.fi\/es\/proteccion-de-datos\/\" \/>\n<meta property=\"og:site_name\" content=\"PEL-tuote\" \/>\n<meta property=\"article:publisher\" content=\"https:\/\/www.facebook.com\/peltuote\" \/>\n<meta property=\"article:modified_time\" content=\"2021-08-04T13:01:30+00:00\" \/>\n<meta property=\"og:image\" content=\"https:\/\/pel-tuote.fi\/wp-content\/uploads\/2020\/12\/43a16a97-74a9-4699-9131-f98dd7de6949.jpg\" \/>\n\t<meta property=\"og:image:width\" content=\"1600\" \/>\n\t<meta property=\"og:image:height\" content=\"1200\" \/>\n\t<meta property=\"og:image:type\" content=\"image\/jpeg\" \/>\n<meta name=\"twitter:card\" content=\"summary_large_image\" \/>\n<meta name=\"twitter:label1\" content=\"Tiempo de lectura\" \/>\n\t<meta name=\"twitter:data1\" content=\"3 minutos\" \/>\n<script type=\"application\/ld+json\" class=\"yoast-schema-graph\">{\"@context\":\"https:\\\/\\\/schema.org\",\"@graph\":[{\"@type\":\"WebPage\",\"@id\":\"https:\\\/\\\/pel-tuote.fi\\\/es\\\/proteccion-de-datos\\\/\",\"url\":\"https:\\\/\\\/pel-tuote.fi\\\/es\\\/proteccion-de-datos\\\/\",\"name\":\"Protecci\u00f3n de Datos - PEL-tuote\",\"isPartOf\":{\"@id\":\"https:\\\/\\\/pel-tuote.fi\\\/es\\\/#website\"},\"datePublished\":\"2021-06-01T12:38:59+00:00\",\"dateModified\":\"2021-08-04T13:01:30+00:00\",\"inLanguage\":\"es\",\"potentialAction\":[{\"@type\":\"ReadAction\",\"target\":[\"https:\\\/\\\/pel-tuote.fi\\\/es\\\/proteccion-de-datos\\\/\"]}]},{\"@type\":\"WebSite\",\"@id\":\"https:\\\/\\\/pel-tuote.fi\\\/es\\\/#website\",\"url\":\"https:\\\/\\\/pel-tuote.fi\\\/es\\\/\",\"name\":\"PEL-tuote\",\"description\":\"Suomalaista osaamista Suomen kivisimmilt\u00e4 pelloilta\",\"publisher\":{\"@id\":\"https:\\\/\\\/pel-tuote.fi\\\/es\\\/#organization\"},\"potentialAction\":[{\"@type\":\"SearchAction\",\"target\":{\"@type\":\"EntryPoint\",\"urlTemplate\":\"https:\\\/\\\/pel-tuote.fi\\\/es\\\/?s={search_term_string}\"},\"query-input\":{\"@type\":\"PropertyValueSpecification\",\"valueRequired\":true,\"valueName\":\"search_term_string\"}}],\"inLanguage\":\"es\"},{\"@type\":\"Organization\",\"@id\":\"https:\\\/\\\/pel-tuote.fi\\\/es\\\/#organization\",\"name\":\"PEL-tuote\",\"url\":\"https:\\\/\\\/pel-tuote.fi\\\/es\\\/\",\"logo\":{\"@type\":\"ImageObject\",\"inLanguage\":\"es\",\"@id\":\"https:\\\/\\\/pel-tuote.fi\\\/es\\\/#\\\/schema\\\/logo\\\/image\\\/\",\"url\":\"https:\\\/\\\/pel-tuote.fi\\\/wp-content\\\/uploads\\\/2019\\\/12\\\/cropped-nelio\u0308pel-1.jpg\",\"contentUrl\":\"https:\\\/\\\/pel-tuote.fi\\\/wp-content\\\/uploads\\\/2019\\\/12\\\/cropped-nelio\u0308pel-1.jpg\",\"width\":649,\"height\":383,\"caption\":\"PEL-tuote\"},\"image\":{\"@id\":\"https:\\\/\\\/pel-tuote.fi\\\/es\\\/#\\\/schema\\\/logo\\\/image\\\/\"},\"sameAs\":[\"https:\\\/\\\/www.facebook.com\\\/peltuote\",\"https:\\\/\\\/www.instagram.com\\\/peltuote\\\/\",\"https:\\\/\\\/www.linkedin.com\\\/company\\\/12660711\\\/admin\\\/\",\"https:\\\/\\\/www.youtube.com\\\/user\\\/PelTuote\",\"https:\\\/\\\/fi.wikipedia.org\\\/wiki\\\/Kivenker\u00e4yskone\"]}]}<\/script>\n<!-- \/ Yoast SEO plugin. -->","yoast_head_json":{"title":"Protecci\u00f3n de Datos - PEL-tuote","robots":{"index":"index","follow":"follow","max-snippet":"max-snippet:-1","max-image-preview":"max-image-preview:large","max-video-preview":"max-video-preview:-1"},"canonical":"https:\/\/pel-tuote.fi\/es\/proteccion-de-datos\/","og_locale":"es_ES","og_type":"article","og_title":"Protecci\u00f3n de Datos - PEL-tuote","og_description":"Protecci\u00f3n de Datos y cookies Nos tomamos muy en serio la protecci\u00f3n de datos Adem\u00e1s de dise\u00f1ar y fabricar m\u00e1quinas, queremos saber c\u00f3mo la informaci\u00f3n sobre lo que hacemos llegar\u00eda [&hellip;]","og_url":"https:\/\/pel-tuote.fi\/es\/proteccion-de-datos\/","og_site_name":"PEL-tuote","article_publisher":"https:\/\/www.facebook.com\/peltuote","article_modified_time":"2021-08-04T13:01:30+00:00","og_image":[{"width":1600,"height":1200,"url":"https:\/\/pel-tuote.fi\/wp-content\/uploads\/2020\/12\/43a16a97-74a9-4699-9131-f98dd7de6949.jpg","type":"image\/jpeg"}],"twitter_card":"summary_large_image","twitter_misc":{"Tiempo de lectura":"3 minutos"},"schema":{"@context":"https:\/\/schema.org","@graph":[{"@type":"WebPage","@id":"https:\/\/pel-tuote.fi\/es\/proteccion-de-datos\/","url":"https:\/\/pel-tuote.fi\/es\/proteccion-de-datos\/","name":"Protecci\u00f3n de Datos - PEL-tuote","isPartOf":{"@id":"https:\/\/pel-tuote.fi\/es\/#website"},"datePublished":"2021-06-01T12:38:59+00:00","dateModified":"2021-08-04T13:01:30+00:00","inLanguage":"es","potentialAction":[{"@type":"ReadAction","target":["https:\/\/pel-tuote.fi\/es\/proteccion-de-datos\/"]}]},{"@type":"WebSite","@id":"https:\/\/pel-tuote.fi\/es\/#website","url":"https:\/\/pel-tuote.fi\/es\/","name":"PEL-tuote","description":"Suomalaista osaamista Suomen kivisimmilt\u00e4 pelloilta","publisher":{"@id":"https:\/\/pel-tuote.fi\/es\/#organization"},"potentialAction":[{"@type":"SearchAction","target":{"@type":"EntryPoint","urlTemplate":"https:\/\/pel-tuote.fi\/es\/?s={search_term_string}"},"query-input":{"@type":"PropertyValueSpecification","valueRequired":true,"valueName":"search_term_string"}}],"inLanguage":"es"},{"@type":"Organization","@id":"https:\/\/pel-tuote.fi\/es\/#organization","name":"PEL-tuote","url":"https:\/\/pel-tuote.fi\/es\/","logo":{"@type":"ImageObject","inLanguage":"es","@id":"https:\/\/pel-tuote.fi\/es\/#\/schema\/logo\/image\/","url":"https:\/\/pel-tuote.fi\/wp-content\/uploads\/2019\/12\/cropped-nelio\u0308pel-1.jpg","contentUrl":"https:\/\/pel-tuote.fi\/wp-content\/uploads\/2019\/12\/cropped-nelio\u0308pel-1.jpg","width":649,"height":383,"caption":"PEL-tuote"},"image":{"@id":"https:\/\/pel-tuote.fi\/es\/#\/schema\/logo\/image\/"},"sameAs":["https:\/\/www.facebook.com\/peltuote","https:\/\/www.instagram.com\/peltuote\/","https:\/\/www.linkedin.com\/company\/12660711\/admin\/","https:\/\/www.youtube.com\/user\/PelTuote","https:\/\/fi.wikipedia.org\/wiki\/Kivenker\u00e4yskone"]}]}},"_links":{"self":[{"href":"https:\/\/pel-tuote.fi\/es\/wp-json\/wp\/v2\/pages\/9682","targetHints":{"allow":["GET"]}}],"collection":[{"href":"https:\/\/pel-tuote.fi\/es\/wp-json\/wp\/v2\/pages"}],"about":[{"href":"https:\/\/pel-tuote.fi\/es\/wp-json\/wp\/v2\/types\/page"}],"author":[{"embeddable":true,"href":"https:\/\/pel-tuote.fi\/es\/wp-json\/wp\/v2\/users\/1"}],"replies":[{"embeddable":true,"href":"https:\/\/pel-tuote.fi\/es\/wp-json\/wp\/v2\/comments?post=9682"}],"version-history":[{"count":0,"href":"https:\/\/pel-tuote.fi\/es\/wp-json\/wp\/v2\/pages\/9682\/revisions"}],"wp:attachment":[{"href":"https:\/\/pel-tuote.fi\/es\/wp-json\/wp\/v2\/media?parent=9682"}],"curies":[{"name":"wp","href":"https:\/\/api.w.org\/{rel}","templated":true}]}}