{"id":9462,"date":"2021-05-27T08:52:03","date_gmt":"2021-05-27T08:52:03","guid":{"rendered":"https:\/\/uusi.pel-tuote.fi\/politique-de-confidentialite\/"},"modified":"2021-08-04T12:59:19","modified_gmt":"2021-08-04T12:59:19","slug":"politique-de-confidentialite","status":"publish","type":"page","link":"https:\/\/pel-tuote.fi\/fr\/politique-de-confidentialite\/","title":{"rendered":"Politique de confidentialit\u00e9"},"content":{"rendered":"\t\t<div data-elementor-type=\"wp-page\" data-elementor-id=\"9462\" class=\"elementor elementor-9462 elementor-6140\" data-elementor-post-type=\"page\">\n\t\t\t\t\t\t<section class=\"elementor-section elementor-top-section elementor-element elementor-element-b7f5b42 elementor-section-full_width elementor-section-height-min-height elementor-section-stretched elementor-section-height-default elementor-section-items-middle\" data-id=\"b7f5b42\" data-element_type=\"section\" data-e-type=\"section\" data-settings=\"{&quot;background_background&quot;:&quot;classic&quot;,&quot;stretch_section&quot;:&quot;section-stretched&quot;}\">\n\t\t\t\t\t\t<div class=\"elementor-container elementor-column-gap-default\">\n\t\t\t\t\t<div class=\"elementor-column elementor-col-100 elementor-top-column elementor-element elementor-element-7f5e88a\" data-id=\"7f5e88a\" data-element_type=\"column\" data-e-type=\"column\">\n\t\t\t<div class=\"elementor-widget-wrap elementor-element-populated\">\n\t\t\t\t\t\t<div class=\"elementor-element elementor-element-fde0d66 elementor-widget elementor-widget-heading\" data-id=\"fde0d66\" data-element_type=\"widget\" data-e-type=\"widget\" data-widget_type=\"heading.default\">\n\t\t\t\t<div class=\"elementor-widget-container\">\n\t\t\t\t\t<h2 class=\"elementor-heading-title elementor-size-default\">Politique de confidentialit\u00e9 et cookies<\/h2>\t\t\t\t<\/div>\n\t\t\t\t<\/div>\n\t\t\t\t\t<\/div>\n\t\t<\/div>\n\t\t\t\t\t<\/div>\n\t\t<\/section>\n\t\t\t\t<section class=\"elementor-section elementor-top-section elementor-element elementor-element-edf3e86 elementor-section-boxed elementor-section-height-default elementor-section-height-default\" data-id=\"edf3e86\" data-element_type=\"section\" data-e-type=\"section\">\n\t\t\t\t\t\t<div class=\"elementor-container elementor-column-gap-default\">\n\t\t\t\t\t<div class=\"elementor-column elementor-col-100 elementor-top-column elementor-element elementor-element-8c36ceb\" data-id=\"8c36ceb\" data-element_type=\"column\" data-e-type=\"column\">\n\t\t\t<div class=\"elementor-widget-wrap elementor-element-populated\">\n\t\t\t\t\t\t<div class=\"elementor-element elementor-element-a503299 elementor-widget elementor-widget-spacer\" data-id=\"a503299\" data-element_type=\"widget\" data-e-type=\"widget\" data-widget_type=\"spacer.default\">\n\t\t\t\t<div class=\"elementor-widget-container\">\n\t\t\t\t\t\t\t<div class=\"elementor-spacer\">\n\t\t\t<div class=\"elementor-spacer-inner\"><\/div>\n\t\t<\/div>\n\t\t\t\t\t\t<\/div>\n\t\t\t\t<\/div>\n\t\t\t\t<div class=\"elementor-element elementor-element-e2997f0 elementor-widget elementor-widget-heading\" data-id=\"e2997f0\" data-element_type=\"widget\" data-e-type=\"widget\" data-widget_type=\"heading.default\">\n\t\t\t\t<div class=\"elementor-widget-container\">\n\t\t\t\t\t<h2 class=\"elementor-heading-title elementor-size-default\">La confidentialit\u00e9 des donn\u00e9es est primordiale pour nous<\/h2>\t\t\t\t<\/div>\n\t\t\t\t<\/div>\n\t\t\t\t\t<\/div>\n\t\t<\/div>\n\t\t\t\t\t<\/div>\n\t\t<\/section>\n\t\t\t\t<section class=\"elementor-section elementor-top-section elementor-element elementor-element-82ec57d elementor-section-boxed elementor-section-height-default elementor-section-height-default\" data-id=\"82ec57d\" data-element_type=\"section\" data-e-type=\"section\">\n\t\t\t\t\t\t<div class=\"elementor-container elementor-column-gap-default\">\n\t\t\t\t\t<div class=\"elementor-column elementor-col-100 elementor-top-column elementor-element elementor-element-f4b6db2\" data-id=\"f4b6db2\" data-element_type=\"column\" data-e-type=\"column\">\n\t\t\t<div class=\"elementor-widget-wrap elementor-element-populated\">\n\t\t\t\t\t\t<div class=\"elementor-element elementor-element-99208c5 elementor-widget elementor-widget-text-editor\" data-id=\"99208c5\" data-element_type=\"widget\" data-e-type=\"widget\" data-widget_type=\"text-editor.default\">\n\t\t\t\t<div class=\"elementor-widget-container\">\n\t\t\t\t\t\t\t\t\t<p>Outre la conception et la fabrication de machines, nous r\u00e9fl\u00e9chissons ici comment transmettre les informations sur nos activit\u00e9s pr\u00e9cis\u00e9ment aux personnes les plus concern\u00e9es. Les personnes pour qui des machines r\u00e9sistantes, finlandaises et puissantes sont un choix de valeur, et qui souhaitent \u00e9galement savoir ce qui se passe chez nous.<\/p>\n<p>Si, par exemple, vous nous envoyez un formulaire avec une question sur une buse de pulv\u00e9risateur de lisier Livakka, ou bien si vous participez \u00e0 notre concours sur Facebook, vous nous fournissez des coordonn\u00e9es permettant de vous joindre. Nous avons besoin de ces donn\u00e9es afin de vous pr\u00e9venir lorsque nous trouverons la bonne buse ou bien pour vous informer de votre victoire.<\/p>\n<p>Nous ne r\u00e9pandons aucune graine d\u2019information, nous les conservons pr\u00e9cieusement chez nous. Vous seul.e pouvez consulter ou supprimer vos donn\u00e9es.<\/p>\n\t\t\t\t\t\t\t\t<\/div>\n\t\t\t\t<\/div>\n\t\t\t\t\t<\/div>\n\t\t<\/div>\n\t\t\t\t\t<\/div>\n\t\t<\/section>\n\t\t\t\t<section class=\"elementor-section elementor-top-section elementor-element elementor-element-35258d1 elementor-section-boxed elementor-section-height-default elementor-section-height-default\" data-id=\"35258d1\" data-element_type=\"section\" data-e-type=\"section\">\n\t\t\t\t\t\t<div class=\"elementor-container elementor-column-gap-default\">\n\t\t\t\t\t<div class=\"elementor-column elementor-col-100 elementor-top-column elementor-element elementor-element-873cfd9\" data-id=\"873cfd9\" data-element_type=\"column\" data-e-type=\"column\">\n\t\t\t<div class=\"elementor-widget-wrap elementor-element-populated\">\n\t\t\t\t\t\t<div class=\"elementor-element elementor-element-25680d2 elementor-widget elementor-widget-heading\" data-id=\"25680d2\" data-element_type=\"widget\" data-e-type=\"widget\" data-widget_type=\"heading.default\">\n\t\t\t\t<div class=\"elementor-widget-container\">\n\t\t\t\t\t<h2 class=\"elementor-heading-title elementor-size-default\">Les cookies, aussi bien pour vous que pour nous<\/h2>\t\t\t\t<\/div>\n\t\t\t\t<\/div>\n\t\t\t\t\t<\/div>\n\t\t<\/div>\n\t\t\t\t\t<\/div>\n\t\t<\/section>\n\t\t\t\t<section class=\"elementor-section elementor-top-section elementor-element elementor-element-d78910d elementor-section-boxed elementor-section-height-default elementor-section-height-default\" data-id=\"d78910d\" data-element_type=\"section\" data-e-type=\"section\">\n\t\t\t\t\t\t<div class=\"elementor-container elementor-column-gap-default\">\n\t\t\t\t\t<div class=\"elementor-column elementor-col-100 elementor-top-column elementor-element elementor-element-afd97e6\" data-id=\"afd97e6\" data-element_type=\"column\" data-e-type=\"column\">\n\t\t\t<div class=\"elementor-widget-wrap elementor-element-populated\">\n\t\t\t\t\t\t<div class=\"elementor-element elementor-element-c2ed54e elementor-widget elementor-widget-text-editor\" data-id=\"c2ed54e\" data-element_type=\"widget\" data-e-type=\"widget\" data-widget_type=\"text-editor.default\">\n\t\t\t\t<div class=\"elementor-widget-container\">\n\t\t\t\t\t\t\t\t\t<p>Nous utilisons des cookies sur le site Internet PEL-tuote.fi. Les cookies sont de petits fichiers de texte qui sont sauvegard\u00e9s sur votre propre ordinateur ou appareil mobile.<strong> Les fichiers ne contiennent pas d\u2019informations personnelles<\/strong>. Il y a deux types de cookies\u00a0: permanents et temporaires.<\/p>\n<p>Les cookies temporaires permettent de rendre le site Internet plus facile d\u2019utilisation et ils sont supprim\u00e9s \u00e0 la fin de la session de navigation. L\u2019objectif des cookies est de conserver les donn\u00e9es de vos choix sur le site Internet (par ex., le nom d\u2019utilisateur et la langue) durant un certain temps. Les cookies d\u00e9tectent \u00e9galement si vous \u00eates en ligne sur votre portable, ordinateur ou Smart TV. Ainsi, la page ou le contenu s\u2019adapte \u00e0 votre appareil. Si vous le souhaitez, vous pouvez d\u00e9sactiver les cookies dans les param\u00e8tres de navigation.<\/p>\n<p>Les cookies permanents sont sauvegard\u00e9s longtemps sur l\u2019ordinateur, parfois de mani\u00e8re permanente. Les cookies permanents nous permettent de suivre si vous revenez sur notre site Internet et nous permet de sauvegarder vos param\u00e8tres et vos pages pr\u00e9f\u00e9r\u00e9es.<\/p>\n<p>Cookies de tierces parties\u00a0: Les cookies que nous utilisons ou les cookies de tiers autoris\u00e9s (Google Analytics) surveillent le trafic sur le site Internet et la fr\u00e9quence de consultation des produits. \u00c0 la mani\u00e8re de nos propres cookies, les cookies de tiers ne recueillent pas non plus de donn\u00e9es personnelles.<\/p>\n<p><strong>Suppression des cookies sur l\u2019appareil de l\u2019utilisateur<\/strong><\/p>\n<p>Vous pouvez retirer tous les cookies de votre appareil en supprimant l\u2019historique de navigation de votre navigateur. Cette fonction supprime tous les cookies install\u00e9s par les pages consult\u00e9es.<\/p>\n<p>Veuillez cependant noter que vous perdrez alors des informations sauvegard\u00e9es (par ex., les informations de connexion et les param\u00e8tres utilisateur des sites Internet).<\/p>\n<p><strong>Gestion des cookies propres au site Internet<\/strong><\/p>\n<p>Les cookies propres au site Internet peuvent \u00eatre g\u00e9r\u00e9s dans les param\u00e8tres de confidentialit\u00e9 et de cookies du navigateur.<\/p>\n<p><strong>Blocage des cookies<\/strong><\/p>\n<p>Sur la plupart des navigateurs r\u00e9cents, il est possible de bloquer enti\u00e8rement l\u2019installation de cookies sur l\u2019appareil, mais vous devrez alors configurer certains param\u00e8tres lors de chaque visite sur certains sites\/pages. Certains services et fonctions pourront avoir des dysfonctionnements (par ex., connexion).<\/p>\n<p>Votre confidentialit\u00e9 est importante pour nous. Pour toute question \u00e0 ce sujet, vous pouvez nous contacter sur info@PEL-tuote.fi<\/p>\n\t\t\t\t\t\t\t\t<\/div>\n\t\t\t\t<\/div>\n\t\t\t\t\t<\/div>\n\t\t<\/div>\n\t\t\t\t\t<\/div>\n\t\t<\/section>\n\t\t\t\t<\/div>\n\t\t","protected":false},"excerpt":{"rendered":"<p>Politique de confidentialit\u00e9 et cookies La confidentialit\u00e9 des donn\u00e9es est primordiale pour nous Outre la conception et la fabrication de machines, nous r\u00e9fl\u00e9chissons ici comment transmettre les informations sur nos [&hellip;]<\/p>\n","protected":false},"author":1,"featured_media":0,"parent":0,"menu_order":0,"comment_status":"closed","ping_status":"closed","template":"elementor_header_footer","meta":{"_eb_attr":"","footnotes":""},"class_list":["post-9462","page","type-page","status-publish","hentry","wpbf-post"],"yoast_head":"<!-- This site is optimized with the Yoast SEO plugin v27.4 - https:\/\/yoast.com\/product\/yoast-seo-wordpress\/ -->\n<title>Politique de confidentialit\u00e9 - PEL-tuote<\/title>\n<meta name=\"robots\" content=\"index, follow, max-snippet:-1, max-image-preview:large, max-video-preview:-1\" \/>\n<link rel=\"canonical\" href=\"https:\/\/pel-tuote.fi\/fr\/politique-de-confidentialite\/\" \/>\n<meta property=\"og:locale\" content=\"fr_FR\" \/>\n<meta property=\"og:type\" content=\"article\" \/>\n<meta property=\"og:title\" content=\"Politique de confidentialit\u00e9 - PEL-tuote\" \/>\n<meta property=\"og:description\" content=\"Politique de confidentialit\u00e9 et cookies La confidentialit\u00e9 des donn\u00e9es est primordiale pour nous Outre la conception et la fabrication de machines, nous r\u00e9fl\u00e9chissons ici comment transmettre les informations sur nos [&hellip;]\" \/>\n<meta property=\"og:url\" content=\"https:\/\/pel-tuote.fi\/fr\/politique-de-confidentialite\/\" \/>\n<meta property=\"og:site_name\" content=\"PEL-tuote\" \/>\n<meta property=\"article:publisher\" content=\"https:\/\/www.facebook.com\/peltuote\" \/>\n<meta property=\"article:modified_time\" content=\"2021-08-04T12:59:19+00:00\" \/>\n<meta property=\"og:image\" content=\"https:\/\/pel-tuote.fi\/wp-content\/uploads\/2020\/12\/43a16a97-74a9-4699-9131-f98dd7de6949.jpg\" \/>\n\t<meta property=\"og:image:width\" content=\"1600\" \/>\n\t<meta property=\"og:image:height\" content=\"1200\" \/>\n\t<meta property=\"og:image:type\" content=\"image\/jpeg\" \/>\n<meta name=\"twitter:card\" content=\"summary_large_image\" \/>\n<meta name=\"twitter:label1\" content=\"Dur\u00e9e de lecture estim\u00e9e\" \/>\n\t<meta name=\"twitter:data1\" content=\"3 minutes\" \/>\n<script type=\"application\/ld+json\" class=\"yoast-schema-graph\">{\"@context\":\"https:\\\/\\\/schema.org\",\"@graph\":[{\"@type\":\"WebPage\",\"@id\":\"https:\\\/\\\/pel-tuote.fi\\\/fr\\\/politique-de-confidentialite\\\/\",\"url\":\"https:\\\/\\\/pel-tuote.fi\\\/fr\\\/politique-de-confidentialite\\\/\",\"name\":\"Politique de confidentialit\u00e9 - PEL-tuote\",\"isPartOf\":{\"@id\":\"https:\\\/\\\/pel-tuote.fi\\\/fr\\\/#website\"},\"datePublished\":\"2021-05-27T08:52:03+00:00\",\"dateModified\":\"2021-08-04T12:59:19+00:00\",\"inLanguage\":\"fr-FR\",\"potentialAction\":[{\"@type\":\"ReadAction\",\"target\":[\"https:\\\/\\\/pel-tuote.fi\\\/fr\\\/politique-de-confidentialite\\\/\"]}]},{\"@type\":\"WebSite\",\"@id\":\"https:\\\/\\\/pel-tuote.fi\\\/fr\\\/#website\",\"url\":\"https:\\\/\\\/pel-tuote.fi\\\/fr\\\/\",\"name\":\"PEL-tuote\",\"description\":\"Suomalaista osaamista Suomen kivisimmilt\u00e4 pelloilta\",\"publisher\":{\"@id\":\"https:\\\/\\\/pel-tuote.fi\\\/fr\\\/#organization\"},\"potentialAction\":[{\"@type\":\"SearchAction\",\"target\":{\"@type\":\"EntryPoint\",\"urlTemplate\":\"https:\\\/\\\/pel-tuote.fi\\\/fr\\\/?s={search_term_string}\"},\"query-input\":{\"@type\":\"PropertyValueSpecification\",\"valueRequired\":true,\"valueName\":\"search_term_string\"}}],\"inLanguage\":\"fr-FR\"},{\"@type\":\"Organization\",\"@id\":\"https:\\\/\\\/pel-tuote.fi\\\/fr\\\/#organization\",\"name\":\"PEL-tuote\",\"url\":\"https:\\\/\\\/pel-tuote.fi\\\/fr\\\/\",\"logo\":{\"@type\":\"ImageObject\",\"inLanguage\":\"fr-FR\",\"@id\":\"https:\\\/\\\/pel-tuote.fi\\\/fr\\\/#\\\/schema\\\/logo\\\/image\\\/\",\"url\":\"https:\\\/\\\/pel-tuote.fi\\\/wp-content\\\/uploads\\\/2019\\\/12\\\/cropped-nelio\u0308pel-1.jpg\",\"contentUrl\":\"https:\\\/\\\/pel-tuote.fi\\\/wp-content\\\/uploads\\\/2019\\\/12\\\/cropped-nelio\u0308pel-1.jpg\",\"width\":649,\"height\":383,\"caption\":\"PEL-tuote\"},\"image\":{\"@id\":\"https:\\\/\\\/pel-tuote.fi\\\/fr\\\/#\\\/schema\\\/logo\\\/image\\\/\"},\"sameAs\":[\"https:\\\/\\\/www.facebook.com\\\/peltuote\",\"https:\\\/\\\/www.instagram.com\\\/peltuote\\\/\",\"https:\\\/\\\/www.linkedin.com\\\/company\\\/12660711\\\/admin\\\/\",\"https:\\\/\\\/www.youtube.com\\\/user\\\/PelTuote\",\"https:\\\/\\\/fi.wikipedia.org\\\/wiki\\\/Kivenker\u00e4yskone\"]}]}<\/script>\n<!-- \/ Yoast SEO plugin. -->","yoast_head_json":{"title":"Politique de confidentialit\u00e9 - PEL-tuote","robots":{"index":"index","follow":"follow","max-snippet":"max-snippet:-1","max-image-preview":"max-image-preview:large","max-video-preview":"max-video-preview:-1"},"canonical":"https:\/\/pel-tuote.fi\/fr\/politique-de-confidentialite\/","og_locale":"fr_FR","og_type":"article","og_title":"Politique de confidentialit\u00e9 - PEL-tuote","og_description":"Politique de confidentialit\u00e9 et cookies La confidentialit\u00e9 des donn\u00e9es est primordiale pour nous Outre la conception et la fabrication de machines, nous r\u00e9fl\u00e9chissons ici comment transmettre les informations sur nos [&hellip;]","og_url":"https:\/\/pel-tuote.fi\/fr\/politique-de-confidentialite\/","og_site_name":"PEL-tuote","article_publisher":"https:\/\/www.facebook.com\/peltuote","article_modified_time":"2021-08-04T12:59:19+00:00","og_image":[{"width":1600,"height":1200,"url":"https:\/\/pel-tuote.fi\/wp-content\/uploads\/2020\/12\/43a16a97-74a9-4699-9131-f98dd7de6949.jpg","type":"image\/jpeg"}],"twitter_card":"summary_large_image","twitter_misc":{"Dur\u00e9e de lecture estim\u00e9e":"3 minutes"},"schema":{"@context":"https:\/\/schema.org","@graph":[{"@type":"WebPage","@id":"https:\/\/pel-tuote.fi\/fr\/politique-de-confidentialite\/","url":"https:\/\/pel-tuote.fi\/fr\/politique-de-confidentialite\/","name":"Politique de confidentialit\u00e9 - PEL-tuote","isPartOf":{"@id":"https:\/\/pel-tuote.fi\/fr\/#website"},"datePublished":"2021-05-27T08:52:03+00:00","dateModified":"2021-08-04T12:59:19+00:00","inLanguage":"fr-FR","potentialAction":[{"@type":"ReadAction","target":["https:\/\/pel-tuote.fi\/fr\/politique-de-confidentialite\/"]}]},{"@type":"WebSite","@id":"https:\/\/pel-tuote.fi\/fr\/#website","url":"https:\/\/pel-tuote.fi\/fr\/","name":"PEL-tuote","description":"Suomalaista osaamista Suomen kivisimmilt\u00e4 pelloilta","publisher":{"@id":"https:\/\/pel-tuote.fi\/fr\/#organization"},"potentialAction":[{"@type":"SearchAction","target":{"@type":"EntryPoint","urlTemplate":"https:\/\/pel-tuote.fi\/fr\/?s={search_term_string}"},"query-input":{"@type":"PropertyValueSpecification","valueRequired":true,"valueName":"search_term_string"}}],"inLanguage":"fr-FR"},{"@type":"Organization","@id":"https:\/\/pel-tuote.fi\/fr\/#organization","name":"PEL-tuote","url":"https:\/\/pel-tuote.fi\/fr\/","logo":{"@type":"ImageObject","inLanguage":"fr-FR","@id":"https:\/\/pel-tuote.fi\/fr\/#\/schema\/logo\/image\/","url":"https:\/\/pel-tuote.fi\/wp-content\/uploads\/2019\/12\/cropped-nelio\u0308pel-1.jpg","contentUrl":"https:\/\/pel-tuote.fi\/wp-content\/uploads\/2019\/12\/cropped-nelio\u0308pel-1.jpg","width":649,"height":383,"caption":"PEL-tuote"},"image":{"@id":"https:\/\/pel-tuote.fi\/fr\/#\/schema\/logo\/image\/"},"sameAs":["https:\/\/www.facebook.com\/peltuote","https:\/\/www.instagram.com\/peltuote\/","https:\/\/www.linkedin.com\/company\/12660711\/admin\/","https:\/\/www.youtube.com\/user\/PelTuote","https:\/\/fi.wikipedia.org\/wiki\/Kivenker\u00e4yskone"]}]}},"_links":{"self":[{"href":"https:\/\/pel-tuote.fi\/fr\/wp-json\/wp\/v2\/pages\/9462","targetHints":{"allow":["GET"]}}],"collection":[{"href":"https:\/\/pel-tuote.fi\/fr\/wp-json\/wp\/v2\/pages"}],"about":[{"href":"https:\/\/pel-tuote.fi\/fr\/wp-json\/wp\/v2\/types\/page"}],"author":[{"embeddable":true,"href":"https:\/\/pel-tuote.fi\/fr\/wp-json\/wp\/v2\/users\/1"}],"replies":[{"embeddable":true,"href":"https:\/\/pel-tuote.fi\/fr\/wp-json\/wp\/v2\/comments?post=9462"}],"version-history":[{"count":0,"href":"https:\/\/pel-tuote.fi\/fr\/wp-json\/wp\/v2\/pages\/9462\/revisions"}],"wp:attachment":[{"href":"https:\/\/pel-tuote.fi\/fr\/wp-json\/wp\/v2\/media?parent=9462"}],"curies":[{"name":"wp","href":"https:\/\/api.w.org\/{rel}","templated":true}]}}