{"id":9580,"date":"2021-05-27T13:01:46","date_gmt":"2021-05-27T13:01:46","guid":{"rendered":"https:\/\/uusi.pel-tuote.fi\/protecao-de-dados\/"},"modified":"2021-08-04T12:59:59","modified_gmt":"2021-08-04T12:59:59","slug":"protecao-de-dados","status":"publish","type":"page","link":"https:\/\/pel-tuote.fi\/pt-pt\/protecao-de-dados\/","title":{"rendered":"Prote\u00e7\u00e3o de Dados"},"content":{"rendered":"\t\t<div data-elementor-type=\"wp-page\" data-elementor-id=\"9580\" class=\"elementor elementor-9580 elementor-6140\" data-elementor-post-type=\"page\">\n\t\t\t\t\t\t<section class=\"elementor-section elementor-top-section elementor-element elementor-element-b7f5b42 elementor-section-full_width elementor-section-height-min-height elementor-section-stretched elementor-section-height-default elementor-section-items-middle\" data-id=\"b7f5b42\" data-element_type=\"section\" data-e-type=\"section\" data-settings=\"{&quot;background_background&quot;:&quot;classic&quot;,&quot;stretch_section&quot;:&quot;section-stretched&quot;}\">\n\t\t\t\t\t\t<div class=\"elementor-container elementor-column-gap-default\">\n\t\t\t\t\t<div class=\"elementor-column elementor-col-100 elementor-top-column elementor-element elementor-element-7f5e88a\" data-id=\"7f5e88a\" data-element_type=\"column\" data-e-type=\"column\">\n\t\t\t<div class=\"elementor-widget-wrap elementor-element-populated\">\n\t\t\t\t\t\t<div class=\"elementor-element elementor-element-fde0d66 elementor-widget elementor-widget-heading\" data-id=\"fde0d66\" data-element_type=\"widget\" data-e-type=\"widget\" data-widget_type=\"heading.default\">\n\t\t\t\t<div class=\"elementor-widget-container\">\n\t\t\t\t\t<h2 class=\"elementor-heading-title elementor-size-default\">Prote\u00e7\u00e3o de Dados e cookies<\/h2>\t\t\t\t<\/div>\n\t\t\t\t<\/div>\n\t\t\t\t\t<\/div>\n\t\t<\/div>\n\t\t\t\t\t<\/div>\n\t\t<\/section>\n\t\t\t\t<section class=\"elementor-section elementor-top-section elementor-element elementor-element-edf3e86 elementor-section-boxed elementor-section-height-default elementor-section-height-default\" data-id=\"edf3e86\" data-element_type=\"section\" data-e-type=\"section\">\n\t\t\t\t\t\t<div class=\"elementor-container elementor-column-gap-default\">\n\t\t\t\t\t<div class=\"elementor-column elementor-col-100 elementor-top-column elementor-element elementor-element-8c36ceb\" data-id=\"8c36ceb\" data-element_type=\"column\" data-e-type=\"column\">\n\t\t\t<div class=\"elementor-widget-wrap elementor-element-populated\">\n\t\t\t\t\t\t<div class=\"elementor-element elementor-element-a503299 elementor-widget elementor-widget-spacer\" data-id=\"a503299\" data-element_type=\"widget\" data-e-type=\"widget\" data-widget_type=\"spacer.default\">\n\t\t\t\t<div class=\"elementor-widget-container\">\n\t\t\t\t\t\t\t<div class=\"elementor-spacer\">\n\t\t\t<div class=\"elementor-spacer-inner\"><\/div>\n\t\t<\/div>\n\t\t\t\t\t\t<\/div>\n\t\t\t\t<\/div>\n\t\t\t\t<div class=\"elementor-element elementor-element-e2997f0 elementor-widget elementor-widget-heading\" data-id=\"e2997f0\" data-element_type=\"widget\" data-e-type=\"widget\" data-widget_type=\"heading.default\">\n\t\t\t\t<div class=\"elementor-widget-container\">\n\t\t\t\t\t<h2 class=\"elementor-heading-title elementor-size-default\">Levamos a prote\u00e7\u00e3o de dados muito a s\u00e9rio<\/h2>\t\t\t\t<\/div>\n\t\t\t\t<\/div>\n\t\t\t\t\t<\/div>\n\t\t<\/div>\n\t\t\t\t\t<\/div>\n\t\t<\/section>\n\t\t\t\t<section class=\"elementor-section elementor-top-section elementor-element elementor-element-82ec57d elementor-section-boxed elementor-section-height-default elementor-section-height-default\" data-id=\"82ec57d\" data-element_type=\"section\" data-e-type=\"section\">\n\t\t\t\t\t\t<div class=\"elementor-container elementor-column-gap-default\">\n\t\t\t\t\t<div class=\"elementor-column elementor-col-100 elementor-top-column elementor-element elementor-element-f4b6db2\" data-id=\"f4b6db2\" data-element_type=\"column\" data-e-type=\"column\">\n\t\t\t<div class=\"elementor-widget-wrap elementor-element-populated\">\n\t\t\t\t\t\t<div class=\"elementor-element elementor-element-99208c5 elementor-widget elementor-widget-text-editor\" data-id=\"99208c5\" data-element_type=\"widget\" data-e-type=\"widget\" data-widget_type=\"text-editor.default\">\n\t\t\t\t<div class=\"elementor-widget-container\">\n\t\t\t\t\t\t\t\t\t<p>Al\u00e9m de projetar e construir m\u00e1quinas, estamos ansiosos para saber como as informa\u00e7\u00f5es sobre o que fazemos atingiriam as pessoas para quem s\u00e3o mais importantes. Para quem m\u00e1quinas confi\u00e1veis \u200b\u200be potentes s\u00e3o uma escolha de valor e que geralmente est\u00e3o interessados \u200b\u200bno que fazemos.<\/p>\n<p>Se voc\u00ea usar nosso formul\u00e1rio online para enviar uma pergunta sobre, digamos, um bocal de suc\u00e7\u00e3o Livakka ou participar de nosso sorteio no Facebook, voc\u00ea nos forneceu seus dados de contato. Precisamos dessas informa\u00e7\u00f5es para podermos ligar para voc\u00ea quando o bico correto for encontrado ou se voc\u00ea tiver a sorte de ganhar um pr\u00eamio.<\/p>\n<p>Valorizamos essas informa\u00e7\u00f5es e n\u00e3o as divulgamos a ningu\u00e9m. Somente voc\u00ea tem o poder de visualizar esses dados ou remov\u00ea-los.<\/p>\n\t\t\t\t\t\t\t\t<\/div>\n\t\t\t\t<\/div>\n\t\t\t\t\t<\/div>\n\t\t<\/div>\n\t\t\t\t\t<\/div>\n\t\t<\/section>\n\t\t\t\t<section class=\"elementor-section elementor-top-section elementor-element elementor-element-35258d1 elementor-section-boxed elementor-section-height-default elementor-section-height-default\" data-id=\"35258d1\" data-element_type=\"section\" data-e-type=\"section\">\n\t\t\t\t\t\t<div class=\"elementor-container elementor-column-gap-default\">\n\t\t\t\t\t<div class=\"elementor-column elementor-col-100 elementor-top-column elementor-element elementor-element-873cfd9\" data-id=\"873cfd9\" data-element_type=\"column\" data-e-type=\"column\">\n\t\t\t<div class=\"elementor-widget-wrap elementor-element-populated\">\n\t\t\t\t\t\t<div class=\"elementor-element elementor-element-25680d2 elementor-widget elementor-widget-heading\" data-id=\"25680d2\" data-element_type=\"widget\" data-e-type=\"widget\" data-widget_type=\"heading.default\">\n\t\t\t\t<div class=\"elementor-widget-container\">\n\t\t\t\t\t<h2 class=\"elementor-heading-title elementor-size-default\">Cookies para seu benef\u00edcio e nosso<\/h2>\t\t\t\t<\/div>\n\t\t\t\t<\/div>\n\t\t\t\t\t<\/div>\n\t\t<\/div>\n\t\t\t\t\t<\/div>\n\t\t<\/section>\n\t\t\t\t<section class=\"elementor-section elementor-top-section elementor-element elementor-element-d78910d elementor-section-boxed elementor-section-height-default elementor-section-height-default\" data-id=\"d78910d\" data-element_type=\"section\" data-e-type=\"section\">\n\t\t\t\t\t\t<div class=\"elementor-container elementor-column-gap-default\">\n\t\t\t\t\t<div class=\"elementor-column elementor-col-100 elementor-top-column elementor-element elementor-element-afd97e6\" data-id=\"afd97e6\" data-element_type=\"column\" data-e-type=\"column\">\n\t\t\t<div class=\"elementor-widget-wrap elementor-element-populated\">\n\t\t\t\t\t\t<div class=\"elementor-element elementor-element-c2ed54e elementor-widget elementor-widget-text-editor\" data-id=\"c2ed54e\" data-element_type=\"widget\" data-e-type=\"widget\" data-widget_type=\"text-editor.default\">\n\t\t\t\t<div class=\"elementor-widget-container\">\n\t\t\t\t\t\t\t\t\t<p>O site Pel-tuote.fi usa cookies. Cookies s\u00e3o pequenos arquivos de texto que s\u00e3o armazenados em seu computador ou dispositivo m\u00f3vel. Esses arquivos n\u00e3o cont\u00eam dados pessoais. Existem dois tipos de cookies: persistentes e tempor\u00e1rios. Os cookies tempor\u00e1rios s\u00e3o armazenados temporariamente e exclu\u00eddos assim que voc\u00ea sai da sess\u00e3o do navegador.<\/p>\n<p>Os cookies tempor\u00e1rios melhoram a usabilidade do site e s\u00e3o exclu\u00eddos no final da sess\u00e3o do navegador. O objetivo dos cookies \u00e9 que o site retenha certas op\u00e7\u00f5es (por exemplo, nome de usu\u00e1rio e idioma) por um determinado per\u00edodo de tempo. Os cookies tamb\u00e9m notam se voc\u00ea est\u00e1 navegando na Internet com um dispositivo m\u00f3vel, computador ou talvez uma smart TV. Isso permite que a p\u00e1gina ou conte\u00fado seja aberto no melhor formato para o seu dispositivo. Se desejar, voc\u00ea pode desativar os cookies nas configura\u00e7\u00f5es do navegador.<\/p>\n<p>Os cookies persistentes s\u00e3o armazenados no seu computador por um longo tempo, \u00e0s vezes permanentemente. Com cookies persistentes, podemos ver se voc\u00ea est\u00e1 revisitando nosso site e podemos salvar suas configura\u00e7\u00f5es e p\u00e1ginas preferidas.<\/p>\n<p>Cookies de terceiros: Cookies de terceiros (Google Analytics) usados \u200b\u200bou permitidos por n\u00f3s monitoram o tr\u00e1fego de rede e rastreiam a frequ\u00eancia com que nossos produtos s\u00e3o visualizados. Semelhante aos nossos pr\u00f3prios cookies, esses cookies n\u00e3o coletam dados pessoais.<\/p>\n<p>Excluindo cookies em seu dispositivo<\/p>\n<p>Voc\u00ea pode excluir todos os cookies do seu dispositivo, limpando o seu hist\u00f3rico de navega\u00e7\u00e3o. Isso exclui os cookies definidos por todos os sites que voc\u00ea visitou.<\/p>\n<p>Observe que, neste caso, voc\u00ea tamb\u00e9m pode perder alguns dos dados salvos (por exemplo, informa\u00e7\u00f5es de login e configura\u00e7\u00f5es de usu\u00e1rio salvas).<\/p>\n<p>Gerenciamento de cookies espec\u00edficos do site<\/p>\n<p>Os cookies espec\u00edficos do site podem ser gerenciados a partir das configura\u00e7\u00f5es de cookies e privacidade do seu navegador.<\/p>\n<p>Como bloquear cookies<\/p>\n<p>Na maioria dos navegadores modernos, os cookies podem ser bloqueados simplesmente desabilitando-os. Observe que a desativa\u00e7\u00e3o significa que voc\u00ea pode precisar personalizar algumas configura\u00e7\u00f5es sempre que visitar um site ou p\u00e1gina. Alguns servi\u00e7os e funcionalidades podem n\u00e3o funcionar corretamente (por exemplo, login).<\/p>\n<p>Valorizamos sua privacidade. Se voc\u00ea tiver alguma d\u00favida sobre o assunto, entre em contato conosco pelo e-mail info@pel-tuote.fi<\/p>\n\t\t\t\t\t\t\t\t<\/div>\n\t\t\t\t<\/div>\n\t\t\t\t\t<\/div>\n\t\t<\/div>\n\t\t\t\t\t<\/div>\n\t\t<\/section>\n\t\t\t\t<\/div>\n\t\t","protected":false},"excerpt":{"rendered":"<p>Prote\u00e7\u00e3o de Dados e cookies Levamos a prote\u00e7\u00e3o de dados muito a s\u00e9rio Al\u00e9m de projetar e construir m\u00e1quinas, estamos ansiosos para saber como as informa\u00e7\u00f5es sobre o que fazemos [&hellip;]<\/p>\n","protected":false},"author":1,"featured_media":0,"parent":0,"menu_order":0,"comment_status":"closed","ping_status":"closed","template":"elementor_header_footer","meta":{"_eb_attr":"","footnotes":""},"class_list":["post-9580","page","type-page","status-publish","hentry","wpbf-post"],"yoast_head":"<!-- This site is optimized with the Yoast SEO plugin v27.4 - https:\/\/yoast.com\/product\/yoast-seo-wordpress\/ -->\n<title>Prote\u00e7\u00e3o de Dados - PEL-tuote<\/title>\n<meta name=\"robots\" content=\"index, follow, max-snippet:-1, max-image-preview:large, max-video-preview:-1\" \/>\n<link rel=\"canonical\" href=\"https:\/\/pel-tuote.fi\/pt-pt\/protecao-de-dados\/\" \/>\n<meta property=\"og:locale\" content=\"pt_PT\" \/>\n<meta property=\"og:type\" content=\"article\" \/>\n<meta property=\"og:title\" content=\"Prote\u00e7\u00e3o de Dados - PEL-tuote\" \/>\n<meta property=\"og:description\" content=\"Prote\u00e7\u00e3o de Dados e cookies Levamos a prote\u00e7\u00e3o de dados muito a s\u00e9rio Al\u00e9m de projetar e construir m\u00e1quinas, estamos ansiosos para saber como as informa\u00e7\u00f5es sobre o que fazemos [&hellip;]\" \/>\n<meta property=\"og:url\" content=\"https:\/\/pel-tuote.fi\/pt-pt\/protecao-de-dados\/\" \/>\n<meta property=\"og:site_name\" content=\"PEL-tuote\" \/>\n<meta property=\"article:publisher\" content=\"https:\/\/www.facebook.com\/peltuote\" \/>\n<meta property=\"article:modified_time\" content=\"2021-08-04T12:59:59+00:00\" \/>\n<meta property=\"og:image\" content=\"https:\/\/pel-tuote.fi\/wp-content\/uploads\/2020\/12\/43a16a97-74a9-4699-9131-f98dd7de6949.jpg\" \/>\n\t<meta property=\"og:image:width\" content=\"1600\" \/>\n\t<meta property=\"og:image:height\" content=\"1200\" \/>\n\t<meta property=\"og:image:type\" content=\"image\/jpeg\" \/>\n<meta name=\"twitter:card\" content=\"summary_large_image\" \/>\n<meta name=\"twitter:label1\" content=\"Tempo estimado de leitura\" \/>\n\t<meta name=\"twitter:data1\" content=\"3 minutos\" \/>\n<script type=\"application\/ld+json\" class=\"yoast-schema-graph\">{\"@context\":\"https:\\\/\\\/schema.org\",\"@graph\":[{\"@type\":\"WebPage\",\"@id\":\"https:\\\/\\\/pel-tuote.fi\\\/pt-pt\\\/protecao-de-dados\\\/\",\"url\":\"https:\\\/\\\/pel-tuote.fi\\\/pt-pt\\\/protecao-de-dados\\\/\",\"name\":\"Prote\u00e7\u00e3o de Dados - PEL-tuote\",\"isPartOf\":{\"@id\":\"https:\\\/\\\/pel-tuote.fi\\\/pt-pt\\\/#website\"},\"datePublished\":\"2021-05-27T13:01:46+00:00\",\"dateModified\":\"2021-08-04T12:59:59+00:00\",\"inLanguage\":\"pt-PT\",\"potentialAction\":[{\"@type\":\"ReadAction\",\"target\":[\"https:\\\/\\\/pel-tuote.fi\\\/pt-pt\\\/protecao-de-dados\\\/\"]}]},{\"@type\":\"WebSite\",\"@id\":\"https:\\\/\\\/pel-tuote.fi\\\/pt-pt\\\/#website\",\"url\":\"https:\\\/\\\/pel-tuote.fi\\\/pt-pt\\\/\",\"name\":\"PEL-tuote\",\"description\":\"Suomalaista osaamista Suomen kivisimmilt\u00e4 pelloilta\",\"publisher\":{\"@id\":\"https:\\\/\\\/pel-tuote.fi\\\/pt-pt\\\/#organization\"},\"potentialAction\":[{\"@type\":\"SearchAction\",\"target\":{\"@type\":\"EntryPoint\",\"urlTemplate\":\"https:\\\/\\\/pel-tuote.fi\\\/pt-pt\\\/?s={search_term_string}\"},\"query-input\":{\"@type\":\"PropertyValueSpecification\",\"valueRequired\":true,\"valueName\":\"search_term_string\"}}],\"inLanguage\":\"pt-PT\"},{\"@type\":\"Organization\",\"@id\":\"https:\\\/\\\/pel-tuote.fi\\\/pt-pt\\\/#organization\",\"name\":\"PEL-tuote\",\"url\":\"https:\\\/\\\/pel-tuote.fi\\\/pt-pt\\\/\",\"logo\":{\"@type\":\"ImageObject\",\"inLanguage\":\"pt-PT\",\"@id\":\"https:\\\/\\\/pel-tuote.fi\\\/pt-pt\\\/#\\\/schema\\\/logo\\\/image\\\/\",\"url\":\"https:\\\/\\\/pel-tuote.fi\\\/wp-content\\\/uploads\\\/2019\\\/12\\\/cropped-nelio\u0308pel-1.jpg\",\"contentUrl\":\"https:\\\/\\\/pel-tuote.fi\\\/wp-content\\\/uploads\\\/2019\\\/12\\\/cropped-nelio\u0308pel-1.jpg\",\"width\":649,\"height\":383,\"caption\":\"PEL-tuote\"},\"image\":{\"@id\":\"https:\\\/\\\/pel-tuote.fi\\\/pt-pt\\\/#\\\/schema\\\/logo\\\/image\\\/\"},\"sameAs\":[\"https:\\\/\\\/www.facebook.com\\\/peltuote\",\"https:\\\/\\\/www.instagram.com\\\/peltuote\\\/\",\"https:\\\/\\\/www.linkedin.com\\\/company\\\/12660711\\\/admin\\\/\",\"https:\\\/\\\/www.youtube.com\\\/user\\\/PelTuote\",\"https:\\\/\\\/fi.wikipedia.org\\\/wiki\\\/Kivenker\u00e4yskone\"]}]}<\/script>\n<!-- \/ Yoast SEO plugin. -->","yoast_head_json":{"title":"Prote\u00e7\u00e3o de Dados - PEL-tuote","robots":{"index":"index","follow":"follow","max-snippet":"max-snippet:-1","max-image-preview":"max-image-preview:large","max-video-preview":"max-video-preview:-1"},"canonical":"https:\/\/pel-tuote.fi\/pt-pt\/protecao-de-dados\/","og_locale":"pt_PT","og_type":"article","og_title":"Prote\u00e7\u00e3o de Dados - PEL-tuote","og_description":"Prote\u00e7\u00e3o de Dados e cookies Levamos a prote\u00e7\u00e3o de dados muito a s\u00e9rio Al\u00e9m de projetar e construir m\u00e1quinas, estamos ansiosos para saber como as informa\u00e7\u00f5es sobre o que fazemos [&hellip;]","og_url":"https:\/\/pel-tuote.fi\/pt-pt\/protecao-de-dados\/","og_site_name":"PEL-tuote","article_publisher":"https:\/\/www.facebook.com\/peltuote","article_modified_time":"2021-08-04T12:59:59+00:00","og_image":[{"width":1600,"height":1200,"url":"https:\/\/pel-tuote.fi\/wp-content\/uploads\/2020\/12\/43a16a97-74a9-4699-9131-f98dd7de6949.jpg","type":"image\/jpeg"}],"twitter_card":"summary_large_image","twitter_misc":{"Tempo estimado de leitura":"3 minutos"},"schema":{"@context":"https:\/\/schema.org","@graph":[{"@type":"WebPage","@id":"https:\/\/pel-tuote.fi\/pt-pt\/protecao-de-dados\/","url":"https:\/\/pel-tuote.fi\/pt-pt\/protecao-de-dados\/","name":"Prote\u00e7\u00e3o de Dados - PEL-tuote","isPartOf":{"@id":"https:\/\/pel-tuote.fi\/pt-pt\/#website"},"datePublished":"2021-05-27T13:01:46+00:00","dateModified":"2021-08-04T12:59:59+00:00","inLanguage":"pt-PT","potentialAction":[{"@type":"ReadAction","target":["https:\/\/pel-tuote.fi\/pt-pt\/protecao-de-dados\/"]}]},{"@type":"WebSite","@id":"https:\/\/pel-tuote.fi\/pt-pt\/#website","url":"https:\/\/pel-tuote.fi\/pt-pt\/","name":"PEL-tuote","description":"Suomalaista osaamista Suomen kivisimmilt\u00e4 pelloilta","publisher":{"@id":"https:\/\/pel-tuote.fi\/pt-pt\/#organization"},"potentialAction":[{"@type":"SearchAction","target":{"@type":"EntryPoint","urlTemplate":"https:\/\/pel-tuote.fi\/pt-pt\/?s={search_term_string}"},"query-input":{"@type":"PropertyValueSpecification","valueRequired":true,"valueName":"search_term_string"}}],"inLanguage":"pt-PT"},{"@type":"Organization","@id":"https:\/\/pel-tuote.fi\/pt-pt\/#organization","name":"PEL-tuote","url":"https:\/\/pel-tuote.fi\/pt-pt\/","logo":{"@type":"ImageObject","inLanguage":"pt-PT","@id":"https:\/\/pel-tuote.fi\/pt-pt\/#\/schema\/logo\/image\/","url":"https:\/\/pel-tuote.fi\/wp-content\/uploads\/2019\/12\/cropped-nelio\u0308pel-1.jpg","contentUrl":"https:\/\/pel-tuote.fi\/wp-content\/uploads\/2019\/12\/cropped-nelio\u0308pel-1.jpg","width":649,"height":383,"caption":"PEL-tuote"},"image":{"@id":"https:\/\/pel-tuote.fi\/pt-pt\/#\/schema\/logo\/image\/"},"sameAs":["https:\/\/www.facebook.com\/peltuote","https:\/\/www.instagram.com\/peltuote\/","https:\/\/www.linkedin.com\/company\/12660711\/admin\/","https:\/\/www.youtube.com\/user\/PelTuote","https:\/\/fi.wikipedia.org\/wiki\/Kivenker\u00e4yskone"]}]}},"_links":{"self":[{"href":"https:\/\/pel-tuote.fi\/pt-pt\/wp-json\/wp\/v2\/pages\/9580","targetHints":{"allow":["GET"]}}],"collection":[{"href":"https:\/\/pel-tuote.fi\/pt-pt\/wp-json\/wp\/v2\/pages"}],"about":[{"href":"https:\/\/pel-tuote.fi\/pt-pt\/wp-json\/wp\/v2\/types\/page"}],"author":[{"embeddable":true,"href":"https:\/\/pel-tuote.fi\/pt-pt\/wp-json\/wp\/v2\/users\/1"}],"replies":[{"embeddable":true,"href":"https:\/\/pel-tuote.fi\/pt-pt\/wp-json\/wp\/v2\/comments?post=9580"}],"version-history":[{"count":0,"href":"https:\/\/pel-tuote.fi\/pt-pt\/wp-json\/wp\/v2\/pages\/9580\/revisions"}],"wp:attachment":[{"href":"https:\/\/pel-tuote.fi\/pt-pt\/wp-json\/wp\/v2\/media?parent=9580"}],"curies":[{"name":"wp","href":"https:\/\/api.w.org\/{rel}","templated":true}]}}