{"id":9209,"date":"2021-05-24T11:35:36","date_gmt":"2021-05-24T11:35:36","guid":{"rendered":"https:\/\/uusi.pel-tuote.fi\/dataskydd\/"},"modified":"2021-08-04T13:04:08","modified_gmt":"2021-08-04T13:04:08","slug":"dataskydd","status":"publish","type":"page","link":"https:\/\/pel-tuote.fi\/sv\/dataskydd\/","title":{"rendered":"Dataskydd"},"content":{"rendered":"\t\t<div data-elementor-type=\"wp-page\" data-elementor-id=\"9209\" class=\"elementor elementor-9209 elementor-6140\" data-elementor-post-type=\"page\">\n\t\t\t\t\t\t<section class=\"elementor-section elementor-top-section elementor-element elementor-element-b7f5b42 elementor-section-full_width elementor-section-height-min-height elementor-section-stretched elementor-section-height-default elementor-section-items-middle\" data-id=\"b7f5b42\" data-element_type=\"section\" data-e-type=\"section\" data-settings=\"{&quot;background_background&quot;:&quot;classic&quot;,&quot;stretch_section&quot;:&quot;section-stretched&quot;}\">\n\t\t\t\t\t\t<div class=\"elementor-container elementor-column-gap-default\">\n\t\t\t\t\t<div class=\"elementor-column elementor-col-100 elementor-top-column elementor-element elementor-element-7f5e88a\" data-id=\"7f5e88a\" data-element_type=\"column\" data-e-type=\"column\">\n\t\t\t<div class=\"elementor-widget-wrap elementor-element-populated\">\n\t\t\t\t\t\t<div class=\"elementor-element elementor-element-fde0d66 elementor-widget elementor-widget-heading\" data-id=\"fde0d66\" data-element_type=\"widget\" data-e-type=\"widget\" data-widget_type=\"heading.default\">\n\t\t\t\t<div class=\"elementor-widget-container\">\n\t\t\t\t\t<h2 class=\"elementor-heading-title elementor-size-default\">Dataskydd och cookies<\/h2>\t\t\t\t<\/div>\n\t\t\t\t<\/div>\n\t\t\t\t\t<\/div>\n\t\t<\/div>\n\t\t\t\t\t<\/div>\n\t\t<\/section>\n\t\t\t\t<section class=\"elementor-section elementor-top-section elementor-element elementor-element-edf3e86 elementor-section-boxed elementor-section-height-default elementor-section-height-default\" data-id=\"edf3e86\" data-element_type=\"section\" data-e-type=\"section\">\n\t\t\t\t\t\t<div class=\"elementor-container elementor-column-gap-default\">\n\t\t\t\t\t<div class=\"elementor-column elementor-col-100 elementor-top-column elementor-element elementor-element-8c36ceb\" data-id=\"8c36ceb\" data-element_type=\"column\" data-e-type=\"column\">\n\t\t\t<div class=\"elementor-widget-wrap elementor-element-populated\">\n\t\t\t\t\t\t<div class=\"elementor-element elementor-element-a503299 elementor-widget elementor-widget-spacer\" data-id=\"a503299\" data-element_type=\"widget\" data-e-type=\"widget\" data-widget_type=\"spacer.default\">\n\t\t\t\t<div class=\"elementor-widget-container\">\n\t\t\t\t\t\t\t<div class=\"elementor-spacer\">\n\t\t\t<div class=\"elementor-spacer-inner\"><\/div>\n\t\t<\/div>\n\t\t\t\t\t\t<\/div>\n\t\t\t\t<\/div>\n\t\t\t\t<div class=\"elementor-element elementor-element-e2997f0 elementor-widget elementor-widget-heading\" data-id=\"e2997f0\" data-element_type=\"widget\" data-e-type=\"widget\" data-widget_type=\"heading.default\">\n\t\t\t\t<div class=\"elementor-widget-container\">\n\t\t\t\t\t<h2 class=\"elementor-heading-title elementor-size-default\">Dataskydd \u00e4r en absolut prioritet f\u00f6r oss<\/h2>\t\t\t\t<\/div>\n\t\t\t\t<\/div>\n\t\t\t\t\t<\/div>\n\t\t<\/div>\n\t\t\t\t\t<\/div>\n\t\t<\/section>\n\t\t\t\t<section class=\"elementor-section elementor-top-section elementor-element elementor-element-82ec57d elementor-section-boxed elementor-section-height-default elementor-section-height-default\" data-id=\"82ec57d\" data-element_type=\"section\" data-e-type=\"section\">\n\t\t\t\t\t\t<div class=\"elementor-container elementor-column-gap-default\">\n\t\t\t\t\t<div class=\"elementor-column elementor-col-100 elementor-top-column elementor-element elementor-element-f4b6db2\" data-id=\"f4b6db2\" data-element_type=\"column\" data-e-type=\"column\">\n\t\t\t<div class=\"elementor-widget-wrap elementor-element-populated\">\n\t\t\t\t\t\t<div class=\"elementor-element elementor-element-99208c5 elementor-widget elementor-widget-text-editor\" data-id=\"99208c5\" data-element_type=\"widget\" data-e-type=\"widget\" data-widget_type=\"text-editor.default\">\n\t\t\t\t<div class=\"elementor-widget-container\">\n\t\t\t\t\t\t\t\t\t<p>Ut\u00f6ver att konstruera och bygga maskiner funderar vi p\u00e5 hur vi kan sprida information om det vi g\u00f6r till de m\u00e4nniskor f\u00f6r vilka det har st\u00f6rst v\u00e4rde. F\u00f6r m\u00e4nniskor som aktivt v\u00e4ljer h\u00e5llbara och kraftfulla maskiner och som \u00e4r intresserade av vad som h\u00e4nder hos oss i allm\u00e4nhet.<\/p>\n<p>Om du till exempel skickar oss en fr\u00e5ga om munstycket p\u00e5 Livakkas g\u00f6dselspruta via kontaktformul\u00e4ret, eller deltar i en utlottning som vi ordnar p\u00e5 Facebook, har du l\u00e4mnat kontaktuppgifter till oss med vilka vi kan n\u00e5 dig. Vi beh\u00f6ver dessa uppgifter f\u00f6r att kunna sl\u00e5 dig en signal n\u00e4r vi hittar r\u00e4tt munstycke eller om du blir den lyckliga vinnaren.<\/p>\n<p>All s\u00e5dan information beh\u00e5ller vi f\u00f6r oss sj\u00e4lva \u2013 ingenting l\u00e4mnas ut till utomst\u00e5ende. Endast du sj\u00e4lv har r\u00e4tt att se uppgifterna om dig eller radera dem.<\/p>\n\t\t\t\t\t\t\t\t<\/div>\n\t\t\t\t<\/div>\n\t\t\t\t\t<\/div>\n\t\t<\/div>\n\t\t\t\t\t<\/div>\n\t\t<\/section>\n\t\t\t\t<section class=\"elementor-section elementor-top-section elementor-element elementor-element-35258d1 elementor-section-boxed elementor-section-height-default elementor-section-height-default\" data-id=\"35258d1\" data-element_type=\"section\" data-e-type=\"section\">\n\t\t\t\t\t\t<div class=\"elementor-container elementor-column-gap-default\">\n\t\t\t\t\t<div class=\"elementor-column elementor-col-100 elementor-top-column elementor-element elementor-element-873cfd9\" data-id=\"873cfd9\" data-element_type=\"column\" data-e-type=\"column\">\n\t\t\t<div class=\"elementor-widget-wrap elementor-element-populated\">\n\t\t\t\t\t\t<div class=\"elementor-element elementor-element-25680d2 elementor-widget elementor-widget-heading\" data-id=\"25680d2\" data-element_type=\"widget\" data-e-type=\"widget\" data-widget_type=\"heading.default\">\n\t\t\t\t<div class=\"elementor-widget-container\">\n\t\t\t\t\t<h2 class=\"elementor-heading-title elementor-size-default\">Cookies som betj\u00e4nar b\u00e5de dig och oss<\/h2>\t\t\t\t<\/div>\n\t\t\t\t<\/div>\n\t\t\t\t\t<\/div>\n\t\t<\/div>\n\t\t\t\t\t<\/div>\n\t\t<\/section>\n\t\t\t\t<section class=\"elementor-section elementor-top-section elementor-element elementor-element-d78910d elementor-section-boxed elementor-section-height-default elementor-section-height-default\" data-id=\"d78910d\" data-element_type=\"section\" data-e-type=\"section\">\n\t\t\t\t\t\t<div class=\"elementor-container elementor-column-gap-default\">\n\t\t\t\t\t<div class=\"elementor-column elementor-col-100 elementor-top-column elementor-element elementor-element-afd97e6\" data-id=\"afd97e6\" data-element_type=\"column\" data-e-type=\"column\">\n\t\t\t<div class=\"elementor-widget-wrap elementor-element-populated\">\n\t\t\t\t\t\t<div class=\"elementor-element elementor-element-c2ed54e elementor-widget elementor-widget-text-editor\" data-id=\"c2ed54e\" data-element_type=\"widget\" data-e-type=\"widget\" data-widget_type=\"text-editor.default\">\n\t\t\t\t<div class=\"elementor-widget-container\">\n\t\t\t\t\t\t\t\t\t<p>P\u00e5 webbplatsen Pel-tuote.fi anv\u00e4nds cookies. Cookies \u00e4r sm\u00e5 textfiler som lagras p\u00e5 din dator eller mobila enhet. <strong>Filerna inneh\u00e5ller inga personliga data.<\/strong> Det finns tv\u00e5 slags cookies: permanenta cookies och sessionscookies.<\/p>\n<p>Sessionscookies \u00e4r tillf\u00e4lliga cookies som f\u00f6rb\u00e4ttrar webbplatsens funktionalitet och raderas s\u00e5 fort sessionen har avslutats. Syftet med cookies \u00e4r att webbplatsen sparar vissa val som du har gjort (t.ex. anv\u00e4ndarnamn och spr\u00e5k) under en viss tid. Cookies m\u00e4rker ocks\u00e5 om du surfar p\u00e5 mobilen, p\u00e5 en dator eller kanske via en smart tv. P\u00e5 s\u00e5 s\u00e4tt \u00f6ppnas en l\u00e4mplig version av sidan eller inneh\u00e5llet. Om du vill kan du blockera cookies i webbl\u00e4sarinst\u00e4llningarna.<\/p>\n<p>Permanenta cookies lagras p\u00e5 datorn under en l\u00e5ng tid, ibland permanent. Med hj\u00e4lp av permanenta cookies ser vi om du \u00e5terv\u00e4nder till v\u00e5r webbplats och vi kan spara dina inst\u00e4llningar och sidor som du bes\u00f6ker ofta.<\/p>\n<p>Cookies fr\u00e5n tredje part: Med de tredjepartscookies (Google Analytics) som vi anv\u00e4nder eller till\u00e5ter m\u00e4ter vi trafiken p\u00e5 webbplatsen och analyserar bes\u00f6ksfrekvensen f\u00f6r olika produkter.\u00a0 Liksom v\u00e5ra egna cookies samlar inte heller tredjepartscookies in n\u00e5gra personliga data.<\/p>\n<p><strong>Radera cookies fr\u00e5n anv\u00e4ndarens enhet<\/strong><\/p>\n<p>Du kan radera alla cookies som sparats p\u00e5 din enhet genom att rensa webbl\u00e4sarhistoriken. Denna funktion raderar alla cookies fr\u00e5n alla webbplatser som du har bes\u00f6kt.<\/p>\n<p>Observera dock att du n\u00e4r du anv\u00e4nder funktionen \u00e4ven kan bli av med vissa data som du har sparat (t.ex. sparade inloggningsuppgifter och inst\u00e4llningar p\u00e5 webbsidor).<\/p>\n<p><strong>Hantera cookies p\u00e5 enstaka sidor<\/strong><\/p>\n<p>Du kan hantera cookies p\u00e5 enstaka sidor i webbl\u00e4sarens sekretess- och cookieinst\u00e4llningar.<\/p>\n<p><strong>Blockera cookies<\/strong><\/p>\n<p>I de flesta nya webbl\u00e4sare kan du blockera cookies helt, men ibland kan det h\u00e4nda att du m\u00e5ste \u00e4ndra n\u00e5gra inst\u00e4llningar varje g\u00e5ng du bes\u00f6ker en webbplats eller webbsida. Vissa tj\u00e4nster eller funktioner kanske inte fungerar optimalt (t.ex. inloggning).<\/p>\n<p>Vi v\u00e4rdes\u00e4tter din integritet.\u00a0 Om du har fr\u00e5gor kring detta, kontakta oss p\u00e5 adressen info@pel-tuote.fi<\/p>\n\t\t\t\t\t\t\t\t<\/div>\n\t\t\t\t<\/div>\n\t\t\t\t\t<\/div>\n\t\t<\/div>\n\t\t\t\t\t<\/div>\n\t\t<\/section>\n\t\t\t\t<\/div>\n\t\t","protected":false},"excerpt":{"rendered":"<p>Dataskydd och cookies Dataskydd \u00e4r en absolut prioritet f\u00f6r oss Ut\u00f6ver att konstruera och bygga maskiner funderar vi p\u00e5 hur vi kan sprida information om det vi g\u00f6r till de [&hellip;]<\/p>\n","protected":false},"author":1,"featured_media":0,"parent":0,"menu_order":0,"comment_status":"closed","ping_status":"closed","template":"elementor_header_footer","meta":{"_eb_attr":"","footnotes":""},"class_list":["post-9209","page","type-page","status-publish","hentry","wpbf-post"],"yoast_head":"<!-- This site is optimized with the Yoast SEO plugin v27.4 - https:\/\/yoast.com\/product\/yoast-seo-wordpress\/ -->\n<title>Dataskydd - PEL-tuote<\/title>\n<meta name=\"robots\" content=\"index, follow, max-snippet:-1, max-image-preview:large, max-video-preview:-1\" \/>\n<link rel=\"canonical\" href=\"https:\/\/pel-tuote.fi\/sv\/dataskydd\/\" \/>\n<meta property=\"og:locale\" content=\"sv_SE\" \/>\n<meta property=\"og:type\" content=\"article\" \/>\n<meta property=\"og:title\" content=\"Dataskydd - PEL-tuote\" \/>\n<meta property=\"og:description\" content=\"Dataskydd och cookies Dataskydd \u00e4r en absolut prioritet f\u00f6r oss Ut\u00f6ver att konstruera och bygga maskiner funderar vi p\u00e5 hur vi kan sprida information om det vi g\u00f6r till de [&hellip;]\" \/>\n<meta property=\"og:url\" content=\"https:\/\/pel-tuote.fi\/sv\/dataskydd\/\" \/>\n<meta property=\"og:site_name\" content=\"PEL-tuote\" \/>\n<meta property=\"article:publisher\" content=\"https:\/\/www.facebook.com\/peltuote\" \/>\n<meta property=\"article:modified_time\" content=\"2021-08-04T13:04:08+00:00\" \/>\n<meta property=\"og:image\" content=\"https:\/\/pel-tuote.fi\/wp-content\/uploads\/2020\/12\/43a16a97-74a9-4699-9131-f98dd7de6949.jpg\" \/>\n\t<meta property=\"og:image:width\" content=\"1600\" \/>\n\t<meta property=\"og:image:height\" content=\"1200\" \/>\n\t<meta property=\"og:image:type\" content=\"image\/jpeg\" \/>\n<meta name=\"twitter:card\" content=\"summary_large_image\" \/>\n<meta name=\"twitter:label1\" content=\"Ber\u00e4knad l\u00e4stid\" \/>\n\t<meta name=\"twitter:data1\" content=\"3 minuter\" \/>\n<script type=\"application\/ld+json\" class=\"yoast-schema-graph\">{\"@context\":\"https:\\\/\\\/schema.org\",\"@graph\":[{\"@type\":\"WebPage\",\"@id\":\"https:\\\/\\\/pel-tuote.fi\\\/sv\\\/dataskydd\\\/\",\"url\":\"https:\\\/\\\/pel-tuote.fi\\\/sv\\\/dataskydd\\\/\",\"name\":\"Dataskydd - PEL-tuote\",\"isPartOf\":{\"@id\":\"https:\\\/\\\/pel-tuote.fi\\\/sv\\\/#website\"},\"datePublished\":\"2021-05-24T11:35:36+00:00\",\"dateModified\":\"2021-08-04T13:04:08+00:00\",\"inLanguage\":\"sv-SE\",\"potentialAction\":[{\"@type\":\"ReadAction\",\"target\":[\"https:\\\/\\\/pel-tuote.fi\\\/sv\\\/dataskydd\\\/\"]}]},{\"@type\":\"WebSite\",\"@id\":\"https:\\\/\\\/pel-tuote.fi\\\/sv\\\/#website\",\"url\":\"https:\\\/\\\/pel-tuote.fi\\\/sv\\\/\",\"name\":\"PEL-tuote\",\"description\":\"Suomalaista osaamista Suomen kivisimmilt\u00e4 pelloilta\",\"publisher\":{\"@id\":\"https:\\\/\\\/pel-tuote.fi\\\/sv\\\/#organization\"},\"potentialAction\":[{\"@type\":\"SearchAction\",\"target\":{\"@type\":\"EntryPoint\",\"urlTemplate\":\"https:\\\/\\\/pel-tuote.fi\\\/sv\\\/?s={search_term_string}\"},\"query-input\":{\"@type\":\"PropertyValueSpecification\",\"valueRequired\":true,\"valueName\":\"search_term_string\"}}],\"inLanguage\":\"sv-SE\"},{\"@type\":\"Organization\",\"@id\":\"https:\\\/\\\/pel-tuote.fi\\\/sv\\\/#organization\",\"name\":\"PEL-tuote\",\"url\":\"https:\\\/\\\/pel-tuote.fi\\\/sv\\\/\",\"logo\":{\"@type\":\"ImageObject\",\"inLanguage\":\"sv-SE\",\"@id\":\"https:\\\/\\\/pel-tuote.fi\\\/sv\\\/#\\\/schema\\\/logo\\\/image\\\/\",\"url\":\"https:\\\/\\\/pel-tuote.fi\\\/wp-content\\\/uploads\\\/2019\\\/12\\\/cropped-nelio\u0308pel-1.jpg\",\"contentUrl\":\"https:\\\/\\\/pel-tuote.fi\\\/wp-content\\\/uploads\\\/2019\\\/12\\\/cropped-nelio\u0308pel-1.jpg\",\"width\":649,\"height\":383,\"caption\":\"PEL-tuote\"},\"image\":{\"@id\":\"https:\\\/\\\/pel-tuote.fi\\\/sv\\\/#\\\/schema\\\/logo\\\/image\\\/\"},\"sameAs\":[\"https:\\\/\\\/www.facebook.com\\\/peltuote\",\"https:\\\/\\\/www.instagram.com\\\/peltuote\\\/\",\"https:\\\/\\\/www.linkedin.com\\\/company\\\/12660711\\\/admin\\\/\",\"https:\\\/\\\/www.youtube.com\\\/user\\\/PelTuote\",\"https:\\\/\\\/fi.wikipedia.org\\\/wiki\\\/Kivenker\u00e4yskone\"]}]}<\/script>\n<!-- \/ Yoast SEO plugin. -->","yoast_head_json":{"title":"Dataskydd - PEL-tuote","robots":{"index":"index","follow":"follow","max-snippet":"max-snippet:-1","max-image-preview":"max-image-preview:large","max-video-preview":"max-video-preview:-1"},"canonical":"https:\/\/pel-tuote.fi\/sv\/dataskydd\/","og_locale":"sv_SE","og_type":"article","og_title":"Dataskydd - PEL-tuote","og_description":"Dataskydd och cookies Dataskydd \u00e4r en absolut prioritet f\u00f6r oss Ut\u00f6ver att konstruera och bygga maskiner funderar vi p\u00e5 hur vi kan sprida information om det vi g\u00f6r till de [&hellip;]","og_url":"https:\/\/pel-tuote.fi\/sv\/dataskydd\/","og_site_name":"PEL-tuote","article_publisher":"https:\/\/www.facebook.com\/peltuote","article_modified_time":"2021-08-04T13:04:08+00:00","og_image":[{"width":1600,"height":1200,"url":"https:\/\/pel-tuote.fi\/wp-content\/uploads\/2020\/12\/43a16a97-74a9-4699-9131-f98dd7de6949.jpg","type":"image\/jpeg"}],"twitter_card":"summary_large_image","twitter_misc":{"Ber\u00e4knad l\u00e4stid":"3 minuter"},"schema":{"@context":"https:\/\/schema.org","@graph":[{"@type":"WebPage","@id":"https:\/\/pel-tuote.fi\/sv\/dataskydd\/","url":"https:\/\/pel-tuote.fi\/sv\/dataskydd\/","name":"Dataskydd - PEL-tuote","isPartOf":{"@id":"https:\/\/pel-tuote.fi\/sv\/#website"},"datePublished":"2021-05-24T11:35:36+00:00","dateModified":"2021-08-04T13:04:08+00:00","inLanguage":"sv-SE","potentialAction":[{"@type":"ReadAction","target":["https:\/\/pel-tuote.fi\/sv\/dataskydd\/"]}]},{"@type":"WebSite","@id":"https:\/\/pel-tuote.fi\/sv\/#website","url":"https:\/\/pel-tuote.fi\/sv\/","name":"PEL-tuote","description":"Suomalaista osaamista Suomen kivisimmilt\u00e4 pelloilta","publisher":{"@id":"https:\/\/pel-tuote.fi\/sv\/#organization"},"potentialAction":[{"@type":"SearchAction","target":{"@type":"EntryPoint","urlTemplate":"https:\/\/pel-tuote.fi\/sv\/?s={search_term_string}"},"query-input":{"@type":"PropertyValueSpecification","valueRequired":true,"valueName":"search_term_string"}}],"inLanguage":"sv-SE"},{"@type":"Organization","@id":"https:\/\/pel-tuote.fi\/sv\/#organization","name":"PEL-tuote","url":"https:\/\/pel-tuote.fi\/sv\/","logo":{"@type":"ImageObject","inLanguage":"sv-SE","@id":"https:\/\/pel-tuote.fi\/sv\/#\/schema\/logo\/image\/","url":"https:\/\/pel-tuote.fi\/wp-content\/uploads\/2019\/12\/cropped-nelio\u0308pel-1.jpg","contentUrl":"https:\/\/pel-tuote.fi\/wp-content\/uploads\/2019\/12\/cropped-nelio\u0308pel-1.jpg","width":649,"height":383,"caption":"PEL-tuote"},"image":{"@id":"https:\/\/pel-tuote.fi\/sv\/#\/schema\/logo\/image\/"},"sameAs":["https:\/\/www.facebook.com\/peltuote","https:\/\/www.instagram.com\/peltuote\/","https:\/\/www.linkedin.com\/company\/12660711\/admin\/","https:\/\/www.youtube.com\/user\/PelTuote","https:\/\/fi.wikipedia.org\/wiki\/Kivenker\u00e4yskone"]}]}},"_links":{"self":[{"href":"https:\/\/pel-tuote.fi\/sv\/wp-json\/wp\/v2\/pages\/9209","targetHints":{"allow":["GET"]}}],"collection":[{"href":"https:\/\/pel-tuote.fi\/sv\/wp-json\/wp\/v2\/pages"}],"about":[{"href":"https:\/\/pel-tuote.fi\/sv\/wp-json\/wp\/v2\/types\/page"}],"author":[{"embeddable":true,"href":"https:\/\/pel-tuote.fi\/sv\/wp-json\/wp\/v2\/users\/1"}],"replies":[{"embeddable":true,"href":"https:\/\/pel-tuote.fi\/sv\/wp-json\/wp\/v2\/comments?post=9209"}],"version-history":[{"count":0,"href":"https:\/\/pel-tuote.fi\/sv\/wp-json\/wp\/v2\/pages\/9209\/revisions"}],"wp:attachment":[{"href":"https:\/\/pel-tuote.fi\/sv\/wp-json\/wp\/v2\/media?parent=9209"}],"curies":[{"name":"wp","href":"https:\/\/api.w.org\/{rel}","templated":true}]}}